{"id":104,"date":"2021-09-20T13:46:53","date_gmt":"2021-09-20T13:46:53","guid":{"rendered":"https:\/\/filosofo.ch\/?page_id=104"},"modified":"2023-05-20T19:36:46","modified_gmt":"2023-05-20T19:36:46","slug":"teelichthalter","status":"publish","type":"page","link":"https:\/\/filosofo.ch\/index.php\/teelichthalter\/","title":{"rendered":"Teelichthalter"},"content":{"rendered":"\n<p>Ein simples Teelicht in einer sch\u00f6nen Form eingesetzt verbreitet ein wunderbares Ambiente. Geniessen Sie am Tisch oder f\u00fcr Sie eine Atmosph\u00e4re bei der Achtsamkeit .<\/p>\n\n\n<div data-block-name=\"woocommerce\/product-category\" data-categories=\"[26]\" class=\"wc-block-grid wp-block-product-category wp-block-woocommerce-product-category wc-block-product-category has-3-columns has-multiple-rows\"><ul class=\"wc-block-grid__products\"><li class=\"wc-block-grid__product\">\n\t\t\t\t<a href=\"https:\/\/filosofo.ch\/index.php\/produkt\/holzbalsam-150ml\/\" class=\"wc-block-grid__product-link\">\n\t\t\t\t\t\n\t\t\t\t\t<div class=\"wc-block-grid__product-image\"><img loading=\"lazy\" decoding=\"async\" width=\"300\" height=\"300\" src=\"https:\/\/filosofo.ch\/wp-content\/uploads\/2023\/06\/Holzbalsam-Deckel-geschlossen-300x300.png\" class=\"attachment-woocommerce_thumbnail size-woocommerce_thumbnail\" alt=\"Holzbalsam 150ml\" srcset=\"https:\/\/filosofo.ch\/wp-content\/uploads\/2023\/06\/Holzbalsam-Deckel-geschlossen-300x300.png 300w, https:\/\/filosofo.ch\/wp-content\/uploads\/2023\/06\/Holzbalsam-Deckel-geschlossen-150x150.png 150w, https:\/\/filosofo.ch\/wp-content\/uploads\/2023\/06\/Holzbalsam-Deckel-geschlossen-75x75.png 75w, https:\/\/filosofo.ch\/wp-content\/uploads\/2023\/06\/Holzbalsam-Deckel-geschlossen-100x100.png 100w\" sizes=\"auto, (max-width: 300px) 100vw, 300px\" \/><\/div>\n\t\t\t\t\t<div class=\"wc-block-grid__product-title\">Holzbalsam 150ml<\/div>\n\t\t\t\t<\/a>\n\t\t\t\t<div class=\"wc-block-grid__product-price price\"><span class=\"woocommerce-Price-amount amount\"><span class=\"woocommerce-Price-currencySymbol\">&#067;&#072;&#070;<\/span>&nbsp;14.00<\/span><\/div>\n\t\t\t\t\n\t\t\t\t<div class=\"wp-block-button wc-block-grid__product-add-to-cart\"><a href=\"https:\/\/filosofo.ch\/index.php\/produkt\/holzbalsam-150ml\/\" aria-label=\"Lese mehr \u00fcber &#8222;Holzbalsam 150ml&#8220;\" data-quantity=\"1\" data-product_id=\"900\" data-product_sku=\"\" data-price=\"14\" rel=\"nofollow\" class=\"wp-block-button__link  add_to_cart_button\">Weiterlesen<\/a><\/div>\n\t\t\t<\/li><li class=\"wc-block-grid__product\">\n\t\t\t\t<a href=\"https:\/\/filosofo.ch\/index.php\/produkt\/holzbalsam\/\" class=\"wc-block-grid__product-link\">\n\t\t\t\t\t\n\t\t\t\t\t<div class=\"wc-block-grid__product-image\"><img loading=\"lazy\" decoding=\"async\" width=\"300\" height=\"300\" src=\"https:\/\/filosofo.ch\/wp-content\/uploads\/2023\/06\/Holzbalsam-Deckel-geschlossen-300x300.png\" class=\"attachment-woocommerce_thumbnail size-woocommerce_thumbnail\" alt=\"Holzbalsam 60 ml\" srcset=\"https:\/\/filosofo.ch\/wp-content\/uploads\/2023\/06\/Holzbalsam-Deckel-geschlossen-300x300.png 300w, https:\/\/filosofo.ch\/wp-content\/uploads\/2023\/06\/Holzbalsam-Deckel-geschlossen-150x150.png 150w, https:\/\/filosofo.ch\/wp-content\/uploads\/2023\/06\/Holzbalsam-Deckel-geschlossen-75x75.png 75w, https:\/\/filosofo.ch\/wp-content\/uploads\/2023\/06\/Holzbalsam-Deckel-geschlossen-100x100.png 100w\" sizes=\"auto, (max-width: 300px) 100vw, 300px\" \/><\/div>\n\t\t\t\t\t<div class=\"wc-block-grid__product-title\">Holzbalsam 60 ml<\/div>\n\t\t\t\t<\/a>\n\t\t\t\t<div class=\"wc-block-grid__product-price price\"><span class=\"woocommerce-Price-amount amount\"><span class=\"woocommerce-Price-currencySymbol\">&#067;&#072;&#070;<\/span>&nbsp;6.00<\/span><\/div>\n\t\t\t\t\n\t\t\t\t<div class=\"wp-block-button wc-block-grid__product-add-to-cart\"><a href=\"https:\/\/filosofo.ch\/index.php\/produkt\/holzbalsam\/\" aria-label=\"Lese mehr \u00fcber &#8222;Holzbalsam 60 ml&#8220;\" data-quantity=\"1\" data-product_id=\"778\" data-product_sku=\"\" data-price=\"6\" rel=\"nofollow\" class=\"wp-block-button__link  add_to_cart_button\">Weiterlesen<\/a><\/div>\n\t\t\t<\/li><li class=\"wc-block-grid__product\">\n\t\t\t\t<a href=\"https:\/\/filosofo.ch\/index.php\/produkt\/herz-doppel-2\/\" class=\"wc-block-grid__product-link\">\n\t\t\t\t\t\n\t\t\t\t\t<div class=\"wc-block-grid__product-image\"><img loading=\"lazy\" decoding=\"async\" width=\"300\" height=\"300\" src=\"https:\/\/filosofo.ch\/wp-content\/uploads\/2023\/05\/20230520_170155-300x300.png\" class=\"attachment-woocommerce_thumbnail size-woocommerce_thumbnail\" alt=\"Herz Doppel\" srcset=\"https:\/\/filosofo.ch\/wp-content\/uploads\/2023\/05\/20230520_170155-300x300.png 300w, https:\/\/filosofo.ch\/wp-content\/uploads\/2023\/05\/20230520_170155-150x150.png 150w, https:\/\/filosofo.ch\/wp-content\/uploads\/2023\/05\/20230520_170155-75x75.png 75w, https:\/\/filosofo.ch\/wp-content\/uploads\/2023\/05\/20230520_170155-100x100.png 100w\" sizes=\"auto, (max-width: 300px) 100vw, 300px\" \/><\/div>\n\t\t\t\t\t<div class=\"wc-block-grid__product-title\">Herz Doppel<\/div>\n\t\t\t\t<\/a>\n\t\t\t\t<div class=\"wc-block-grid__product-price price\"><span class=\"woocommerce-Price-amount amount\"><span class=\"woocommerce-Price-currencySymbol\">&#067;&#072;&#070;<\/span>&nbsp;35.00<\/span><\/div>\n\t\t\t\t\n\t\t\t\t<div class=\"wp-block-button wc-block-grid__product-add-to-cart\"><a href=\"https:\/\/filosofo.ch\/index.php\/produkt\/herz-doppel-2\/\" aria-label=\"Lese mehr \u00fcber &#8222;Herz Doppel&#8220;\" data-quantity=\"1\" data-product_id=\"683\" data-product_sku=\"\" data-price=\"35\" rel=\"nofollow\" class=\"wp-block-button__link  add_to_cart_button\">Weiterlesen<\/a><\/div>\n\t\t\t<\/li><li class=\"wc-block-grid__product\">\n\t\t\t\t<a href=\"https:\/\/filosofo.ch\/index.php\/produkt\/herz-doppel\/\" class=\"wc-block-grid__product-link\">\n\t\t\t\t\t\n\t\t\t\t\t<div class=\"wc-block-grid__product-image\"><img loading=\"lazy\" decoding=\"async\" width=\"300\" height=\"300\" src=\"https:\/\/filosofo.ch\/wp-content\/uploads\/2023\/05\/20230520_170253-300x300.png\" class=\"attachment-woocommerce_thumbnail size-woocommerce_thumbnail\" alt=\"Herz Doppel\" srcset=\"https:\/\/filosofo.ch\/wp-content\/uploads\/2023\/05\/20230520_170253-300x300.png 300w, https:\/\/filosofo.ch\/wp-content\/uploads\/2023\/05\/20230520_170253-150x150.png 150w, https:\/\/filosofo.ch\/wp-content\/uploads\/2023\/05\/20230520_170253-75x75.png 75w, https:\/\/filosofo.ch\/wp-content\/uploads\/2023\/05\/20230520_170253-100x100.png 100w\" sizes=\"auto, (max-width: 300px) 100vw, 300px\" \/><\/div>\n\t\t\t\t\t<div class=\"wc-block-grid__product-title\">Herz Doppel<\/div>\n\t\t\t\t<\/a>\n\t\t\t\t<div class=\"wc-block-grid__product-price price\"><span class=\"woocommerce-Price-amount amount\"><span class=\"woocommerce-Price-currencySymbol\">&#067;&#072;&#070;<\/span>&nbsp;35.00<\/span><\/div>\n\t\t\t\t\n\t\t\t\t<div class=\"wp-block-button wc-block-grid__product-add-to-cart\"><a href=\"https:\/\/filosofo.ch\/index.php\/produkt\/herz-doppel\/\" aria-label=\"Lese mehr \u00fcber &#8222;Herz Doppel&#8220;\" data-quantity=\"1\" data-product_id=\"679\" data-product_sku=\"\" data-price=\"35\" rel=\"nofollow\" class=\"wp-block-button__link  add_to_cart_button\">Weiterlesen<\/a><\/div>\n\t\t\t<\/li><li class=\"wc-block-grid__product\">\n\t\t\t\t<a href=\"https:\/\/filosofo.ch\/index.php\/produkt\/herz-ahorn\/\" class=\"wc-block-grid__product-link\">\n\t\t\t\t\t\n\t\t\t\t\t<div class=\"wc-block-grid__product-image\"><img loading=\"lazy\" decoding=\"async\" width=\"300\" height=\"300\" src=\"https:\/\/filosofo.ch\/wp-content\/uploads\/2023\/05\/20230520_170110-300x300.png\" class=\"attachment-woocommerce_thumbnail size-woocommerce_thumbnail\" alt=\"Herz Ahorn\" srcset=\"https:\/\/filosofo.ch\/wp-content\/uploads\/2023\/05\/20230520_170110-300x300.png 300w, https:\/\/filosofo.ch\/wp-content\/uploads\/2023\/05\/20230520_170110-150x150.png 150w, https:\/\/filosofo.ch\/wp-content\/uploads\/2023\/05\/20230520_170110-75x75.png 75w, https:\/\/filosofo.ch\/wp-content\/uploads\/2023\/05\/20230520_170110-100x100.png 100w\" sizes=\"auto, (max-width: 300px) 100vw, 300px\" \/><\/div>\n\t\t\t\t\t<div class=\"wc-block-grid__product-title\">Herz Ahorn<\/div>\n\t\t\t\t<\/a>\n\t\t\t\t<div class=\"wc-block-grid__product-price price\"><span class=\"woocommerce-Price-amount amount\"><span class=\"woocommerce-Price-currencySymbol\">&#067;&#072;&#070;<\/span>&nbsp;15.00<\/span><\/div>\n\t\t\t\t\n\t\t\t\t<div class=\"wp-block-button wc-block-grid__product-add-to-cart\"><a href=\"https:\/\/filosofo.ch\/index.php\/produkt\/herz-ahorn\/\" aria-label=\"Lese mehr \u00fcber &#8222;Herz Ahorn&#8220;\" data-quantity=\"1\" data-product_id=\"676\" data-product_sku=\"\" data-price=\"15\" rel=\"nofollow\" class=\"wp-block-button__link  add_to_cart_button\">Weiterlesen<\/a><\/div>\n\t\t\t<\/li><li class=\"wc-block-grid__product\">\n\t\t\t\t<a href=\"https:\/\/filosofo.ch\/index.php\/produkt\/herz\/\" class=\"wc-block-grid__product-link\">\n\t\t\t\t\t\n\t\t\t\t\t<div class=\"wc-block-grid__product-image\"><img loading=\"lazy\" decoding=\"async\" width=\"300\" height=\"300\" src=\"https:\/\/filosofo.ch\/wp-content\/uploads\/2023\/05\/20230520_170032-300x300.png\" class=\"attachment-woocommerce_thumbnail size-woocommerce_thumbnail\" alt=\"Herz Nussbaum\" srcset=\"https:\/\/filosofo.ch\/wp-content\/uploads\/2023\/05\/20230520_170032-300x300.png 300w, https:\/\/filosofo.ch\/wp-content\/uploads\/2023\/05\/20230520_170032-150x150.png 150w, https:\/\/filosofo.ch\/wp-content\/uploads\/2023\/05\/20230520_170032-75x75.png 75w, https:\/\/filosofo.ch\/wp-content\/uploads\/2023\/05\/20230520_170032-100x100.png 100w\" sizes=\"auto, (max-width: 300px) 100vw, 300px\" \/><\/div>\n\t\t\t\t\t<div class=\"wc-block-grid__product-title\">Herz Nussbaum<\/div>\n\t\t\t\t<\/a>\n\t\t\t\t<div class=\"wc-block-grid__product-price price\"><span class=\"woocommerce-Price-amount amount\"><span class=\"woocommerce-Price-currencySymbol\">&#067;&#072;&#070;<\/span>&nbsp;15.00<\/span><\/div>\n\t\t\t\t\n\t\t\t\t<div class=\"wp-block-button wc-block-grid__product-add-to-cart\"><a href=\"https:\/\/filosofo.ch\/index.php\/produkt\/herz\/\" aria-label=\"Lese mehr \u00fcber &#8222;Herz Nussbaum&#8220;\" data-quantity=\"1\" data-product_id=\"673\" data-product_sku=\"\" data-price=\"15\" rel=\"nofollow\" class=\"wp-block-button__link  add_to_cart_button\">Weiterlesen<\/a><\/div>\n\t\t\t<\/li><li class=\"wc-block-grid__product\">\n\t\t\t\t<a href=\"https:\/\/filosofo.ch\/index.php\/produkt\/teelichthalter-3-er-2\/\" class=\"wc-block-grid__product-link\">\n\t\t\t\t\t\n\t\t\t\t\t<div class=\"wc-block-grid__product-image\"><img loading=\"lazy\" decoding=\"async\" width=\"300\" height=\"300\" src=\"https:\/\/filosofo.ch\/wp-content\/uploads\/2023\/05\/20230520_170346-300x300.png\" class=\"attachment-woocommerce_thumbnail size-woocommerce_thumbnail\" alt=\"Teelichthalter 3-er\" srcset=\"https:\/\/filosofo.ch\/wp-content\/uploads\/2023\/05\/20230520_170346-300x300.png 300w, https:\/\/filosofo.ch\/wp-content\/uploads\/2023\/05\/20230520_170346-150x150.png 150w, https:\/\/filosofo.ch\/wp-content\/uploads\/2023\/05\/20230520_170346-75x75.png 75w, https:\/\/filosofo.ch\/wp-content\/uploads\/2023\/05\/20230520_170346-100x100.png 100w\" sizes=\"auto, (max-width: 300px) 100vw, 300px\" \/><\/div>\n\t\t\t\t\t<div class=\"wc-block-grid__product-title\">Teelichthalter 3-er<\/div>\n\t\t\t\t<\/a>\n\t\t\t\t<div class=\"wc-block-grid__product-price price\"><span class=\"woocommerce-Price-amount amount\"><span class=\"woocommerce-Price-currencySymbol\">&#067;&#072;&#070;<\/span>&nbsp;25.00<\/span><\/div>\n\t\t\t\t\n\t\t\t\t<div class=\"wp-block-button wc-block-grid__product-add-to-cart\"><a href=\"https:\/\/filosofo.ch\/index.php\/produkt\/teelichthalter-3-er-2\/\" aria-label=\"Lese mehr \u00fcber &#8222;Teelichthalter 3-er&#8220;\" data-quantity=\"1\" data-product_id=\"669\" data-product_sku=\"\" data-price=\"25\" rel=\"nofollow\" class=\"wp-block-button__link  add_to_cart_button\">Weiterlesen<\/a><\/div>\n\t\t\t<\/li><li class=\"wc-block-grid__product\">\n\t\t\t\t<a href=\"https:\/\/filosofo.ch\/index.php\/produkt\/teelichthalter-3-er\/\" class=\"wc-block-grid__product-link\">\n\t\t\t\t\t\n\t\t\t\t\t<div class=\"wc-block-grid__product-image\"><img loading=\"lazy\" decoding=\"async\" width=\"300\" height=\"300\" src=\"https:\/\/filosofo.ch\/wp-content\/uploads\/2023\/05\/20230520_170421-300x300.png\" class=\"attachment-woocommerce_thumbnail size-woocommerce_thumbnail\" alt=\"Teelichthalter 3-er\" srcset=\"https:\/\/filosofo.ch\/wp-content\/uploads\/2023\/05\/20230520_170421-300x300.png 300w, https:\/\/filosofo.ch\/wp-content\/uploads\/2023\/05\/20230520_170421-150x150.png 150w, https:\/\/filosofo.ch\/wp-content\/uploads\/2023\/05\/20230520_170421-75x75.png 75w, https:\/\/filosofo.ch\/wp-content\/uploads\/2023\/05\/20230520_170421-100x100.png 100w\" sizes=\"auto, (max-width: 300px) 100vw, 300px\" \/><\/div>\n\t\t\t\t\t<div class=\"wc-block-grid__product-title\">Teelichthalter 3-er<\/div>\n\t\t\t\t<\/a>\n\t\t\t\t<div class=\"wc-block-grid__product-price price\"><span class=\"woocommerce-Price-amount amount\"><span class=\"woocommerce-Price-currencySymbol\">&#067;&#072;&#070;<\/span>&nbsp;15.00<\/span><\/div>\n\t\t\t\t\n\t\t\t\t<div class=\"wp-block-button wc-block-grid__product-add-to-cart\"><a href=\"https:\/\/filosofo.ch\/index.php\/produkt\/teelichthalter-3-er\/\" aria-label=\"Lese mehr \u00fcber &#8222;Teelichthalter 3-er&#8220;\" data-quantity=\"1\" data-product_id=\"666\" data-product_sku=\"\" data-price=\"15\" rel=\"nofollow\" class=\"wp-block-button__link  add_to_cart_button\">Weiterlesen<\/a><\/div>\n\t\t\t<\/li><\/ul><\/div>","protected":false},"excerpt":{"rendered":"<p>Ein simples Teelicht in einer sch\u00f6nen Form eingesetzt verbreitet ein wunderbares Ambiente. Geniessen Sie am Tisch oder f\u00fcr Sie eine Atmosph\u00e4re bei der Achtsamkeit .<\/p>\n","protected":false},"author":1,"featured_media":0,"parent":0,"menu_order":3,"comment_status":"closed","ping_status":"closed","template":"","meta":{"_uag_custom_page_level_css":"","footnotes":""},"class_list":["post-104","page","type-page","status-publish","hentry"],"uagb_featured_image_src":{"full":false,"thumbnail":false,"medium":false,"medium_large":false,"large":false,"1536x1536":false,"2048x2048":false,"shoppingcart-product-cat-image":false,"shoppingcart-featured-brand-image":false,"shoppingcart-grid-product-image":false,"shoppingcart-popular-post":false,"woocommerce_thumbnail":false,"woocommerce_single":false,"woocommerce_gallery_thumbnail":false},"uagb_author_info":{"display_name":"admin","author_link":"https:\/\/filosofo.ch\/index.php\/author\/sergiofilosofo_ljguc24u\/"},"uagb_comment_info":0,"uagb_excerpt":"Ein simples Teelicht in einer sch\u00f6nen Form eingesetzt verbreitet ein wunderbares Ambiente. Geniessen Sie am Tisch oder f\u00fcr Sie eine Atmosph\u00e4re bei der Achtsamkeit .","jetpack_sharing_enabled":true,"_links":{"self":[{"href":"https:\/\/filosofo.ch\/index.php\/wp-json\/wp\/v2\/pages\/104","targetHints":{"allow":["GET"]}}],"collection":[{"href":"https:\/\/filosofo.ch\/index.php\/wp-json\/wp\/v2\/pages"}],"about":[{"href":"https:\/\/filosofo.ch\/index.php\/wp-json\/wp\/v2\/types\/page"}],"author":[{"embeddable":true,"href":"https:\/\/filosofo.ch\/index.php\/wp-json\/wp\/v2\/users\/1"}],"replies":[{"embeddable":true,"href":"https:\/\/filosofo.ch\/index.php\/wp-json\/wp\/v2\/comments?post=104"}],"version-history":[{"count":7,"href":"https:\/\/filosofo.ch\/index.php\/wp-json\/wp\/v2\/pages\/104\/revisions"}],"predecessor-version":[{"id":749,"href":"https:\/\/filosofo.ch\/index.php\/wp-json\/wp\/v2\/pages\/104\/revisions\/749"}],"wp:attachment":[{"href":"https:\/\/filosofo.ch\/index.php\/wp-json\/wp\/v2\/media?parent=104"}],"curies":[{"name":"wp","href":"https:\/\/api.w.org\/{rel}","templated":true}]}}