{"id":107,"date":"2021-09-20T13:46:53","date_gmt":"2021-09-20T13:46:53","guid":{"rendered":"https:\/\/filosofo.ch\/?page_id=107"},"modified":"2025-03-01T10:52:54","modified_gmt":"2025-03-01T10:52:54","slug":"schneidebretter","status":"publish","type":"page","link":"https:\/\/filosofo.ch\/index.php\/schneidebretter\/","title":{"rendered":"Infos zu Schneidebretter"},"content":{"rendered":"\n<p><a href=\"https:\/\/filosofo.ch\/index.php\/shop\/\">Unser On-line Shop finden Sie hier<\/a><\/p>\n\n\n\n<p>Bei den Schneidebretter handelt sich ausschliesslich um Stirnholz oder auch Hirnholzbretter (Im Gegensatz zu den <a href=\"https:\/\/filosofo.ch\/index.php\/bildergalerie\/aperobretter\/\">L\u00e4ngsholz-Bretter<\/a>). Einzelne kleine Stirnholzelemente werden zu einem grossen ganzen zusammen gesetzt. Ein Stirnholzbrett hat einige Vorteile, gegen\u00fcber herk\u00f6mmlichen Brettern. Betrachten Sie ein Pack Spaghetti und k\u00f6nnen dies gut nachvollziehen.<\/p>\n\n\n\n<p>Es schon Ihre wertvollen Messer, da das Messer keine Holzfasern durchtrennt, sondern nur auseinander dr\u00fcckt, da diese aufrecht stehen. So wird das Messer weniger belastet bzw. es wird weniger schnell stumpf. Da sich die Holzfasern wieder regenerieren, bleibt das Brett auch l\u00e4nger sch\u00f6n, da die Schnittspuren weniger ausgepr\u00e4gt sind.<\/p>\n\n\n\n<p>Das Brett ist hygienisch, da das Brett eine antibakterielle Wirkung hat, speziell Nussbaum durch den hohen Anteil von Gerbs\u00e4ure. Durch die Art der Verarbeitung bleibt es besonders formstabil.<\/p>\n\n\n\n<p>Die beste Wahl der H\u00f6lzer sind Nussbaum, Kirsche oder Ahorn. Diese H\u00f6lzer sind feinporig und es k\u00f6nnen weniger Verunreinigungen in das Holz gelangen. Eiche ist offenporiger, kann aber auch verwendet werden.<\/p>\n\n\n\n<p>Ihr Wunschbrett fertigen wir f\u00fcr Sie an. Muster, Holzarten und Gr\u00f6sse, lassen Sie sich von uns beraten, welches f\u00fcr Sie am idealsten ist. Nehmen Sie mit uns <a href=\"https:\/\/filosofo.ch\/index.php\/kontakt\/\">Kontakt <\/a>auf.<\/p>\n\n\n\n<p><\/p>\n\n\n\n<div class=\"wp-block-uagb-container uagb-block-96fc155a alignfull uagb-is-root-container\"><div class=\"uagb-container-inner-blocks-wrap\"><div data-block-name=\"woocommerce\/product-category\" data-categories=\"[25]\" class=\"wc-block-grid wp-block-product-category wp-block-woocommerce-product-category wc-block-product-category has-3-columns has-multiple-rows\"><ul class=\"wc-block-grid__products\"><li class=\"wc-block-grid__product\">\n\t\t\t\t<a href=\"https:\/\/filosofo.ch\/index.php\/produkt\/wengen\/\" class=\"wc-block-grid__product-link\">\n\t\t\t\t\t\n\t\t\t\t\t<div class=\"wc-block-grid__product-image\"><img loading=\"lazy\" decoding=\"async\" width=\"300\" height=\"300\" src=\"https:\/\/filosofo.ch\/wp-content\/uploads\/2024\/09\/Wildes-Muster-schraeg-1-300x300.png\" class=\"attachment-woocommerce_thumbnail size-woocommerce_thumbnail\" alt=\"Wengen\" srcset=\"https:\/\/filosofo.ch\/wp-content\/uploads\/2024\/09\/Wildes-Muster-schraeg-1-300x300.png 300w, https:\/\/filosofo.ch\/wp-content\/uploads\/2024\/09\/Wildes-Muster-schraeg-1-150x150.png 150w, https:\/\/filosofo.ch\/wp-content\/uploads\/2024\/09\/Wildes-Muster-schraeg-1-75x75.png 75w, https:\/\/filosofo.ch\/wp-content\/uploads\/2024\/09\/Wildes-Muster-schraeg-1-100x100.png 100w\" sizes=\"auto, (max-width: 300px) 100vw, 300px\" \/><\/div>\n\t\t\t\t\t<div class=\"wc-block-grid__product-title\">Wengen<\/div>\n\t\t\t\t<\/a>\n\t\t\t\t<div class=\"wc-block-grid__product-price price\"><span class=\"woocommerce-Price-amount amount\"><span class=\"woocommerce-Price-currencySymbol\">&#067;&#072;&#070;<\/span>&nbsp;90.00<\/span><\/div>\n\t\t\t\t\n\t\t\t\t<div class=\"wp-block-button wc-block-grid__product-add-to-cart\"><a href=\"https:\/\/filosofo.ch\/index.php\/produkt\/wengen\/\" aria-label=\"Lese mehr \u00fcber &#8222;Wengen&#8220;\" data-quantity=\"1\" data-product_id=\"996\" data-product_sku=\"\" data-price=\"90\" rel=\"nofollow\" class=\"wp-block-button__link  add_to_cart_button\">Weiterlesen<\/a><\/div>\n\t\t\t<\/li><li class=\"wc-block-grid__product\">\n\t\t\t\t<a href=\"https:\/\/filosofo.ch\/index.php\/produkt\/saltillo\/\" class=\"wc-block-grid__product-link\">\n\t\t\t\t\t\n\t\t\t\t\t<div class=\"wc-block-grid__product-image\"><img loading=\"lazy\" decoding=\"async\" width=\"300\" height=\"300\" src=\"https:\/\/filosofo.ch\/wp-content\/uploads\/2024\/09\/Mittelstreifen-Schachbrett_Schraeg-300x300.png\" class=\"attachment-woocommerce_thumbnail size-woocommerce_thumbnail\" alt=\"Saltillo\" srcset=\"https:\/\/filosofo.ch\/wp-content\/uploads\/2024\/09\/Mittelstreifen-Schachbrett_Schraeg-300x300.png 300w, https:\/\/filosofo.ch\/wp-content\/uploads\/2024\/09\/Mittelstreifen-Schachbrett_Schraeg-150x150.png 150w, https:\/\/filosofo.ch\/wp-content\/uploads\/2024\/09\/Mittelstreifen-Schachbrett_Schraeg-75x75.png 75w, https:\/\/filosofo.ch\/wp-content\/uploads\/2024\/09\/Mittelstreifen-Schachbrett_Schraeg-100x100.png 100w\" sizes=\"auto, (max-width: 300px) 100vw, 300px\" \/><\/div>\n\t\t\t\t\t<div class=\"wc-block-grid__product-title\">Saltillo<\/div>\n\t\t\t\t<\/a>\n\t\t\t\t<div class=\"wc-block-grid__product-price price\"><span class=\"woocommerce-Price-amount amount\"><span class=\"woocommerce-Price-currencySymbol\">&#067;&#072;&#070;<\/span>&nbsp;160.00<\/span><\/div>\n\t\t\t\t\n\t\t\t\t<div class=\"wp-block-button wc-block-grid__product-add-to-cart\"><a href=\"https:\/\/filosofo.ch\/index.php\/produkt\/saltillo\/\" aria-label=\"Lese mehr \u00fcber &#8222;Saltillo&#8220;\" data-quantity=\"1\" data-product_id=\"992\" data-product_sku=\"\" data-price=\"160\" rel=\"nofollow\" class=\"wp-block-button__link  add_to_cart_button\">Weiterlesen<\/a><\/div>\n\t\t\t<\/li><li class=\"wc-block-grid__product\">\n\t\t\t\t<a href=\"https:\/\/filosofo.ch\/index.php\/produkt\/mendoza\/\" class=\"wc-block-grid__product-link\">\n\t\t\t\t\t\n\t\t\t\t\t<div class=\"wc-block-grid__product-image\"><img loading=\"lazy\" decoding=\"async\" width=\"300\" height=\"300\" src=\"https:\/\/filosofo.ch\/wp-content\/uploads\/2024\/09\/Schachbrettartig-Schraeg-300x300.png\" class=\"attachment-woocommerce_thumbnail size-woocommerce_thumbnail\" alt=\"Mendoza\" srcset=\"https:\/\/filosofo.ch\/wp-content\/uploads\/2024\/09\/Schachbrettartig-Schraeg-300x300.png 300w, https:\/\/filosofo.ch\/wp-content\/uploads\/2024\/09\/Schachbrettartig-Schraeg-150x150.png 150w, https:\/\/filosofo.ch\/wp-content\/uploads\/2024\/09\/Schachbrettartig-Schraeg-75x75.png 75w, https:\/\/filosofo.ch\/wp-content\/uploads\/2024\/09\/Schachbrettartig-Schraeg-100x100.png 100w\" sizes=\"auto, (max-width: 300px) 100vw, 300px\" \/><\/div>\n\t\t\t\t\t<div class=\"wc-block-grid__product-title\">Mendoza<\/div>\n\t\t\t\t<\/a>\n\t\t\t\t<div class=\"wc-block-grid__product-price price\"><span class=\"woocommerce-Price-amount amount\"><span class=\"woocommerce-Price-currencySymbol\">&#067;&#072;&#070;<\/span>&nbsp;130.00<\/span><\/div>\n\t\t\t\t\n\t\t\t\t<div class=\"wp-block-button wc-block-grid__product-add-to-cart\"><a href=\"https:\/\/filosofo.ch\/index.php\/produkt\/mendoza\/\" aria-label=\"Lese mehr \u00fcber &#8222;Mendoza&#8220;\" data-quantity=\"1\" data-product_id=\"988\" data-product_sku=\"\" data-price=\"130\" rel=\"nofollow\" class=\"wp-block-button__link  add_to_cart_button\">Weiterlesen<\/a><\/div>\n\t\t\t<\/li><li class=\"wc-block-grid__product\">\n\t\t\t\t<a href=\"https:\/\/filosofo.ch\/index.php\/produkt\/nevada\/\" class=\"wc-block-grid__product-link\">\n\t\t\t\t\t\n\t\t\t\t\t<div class=\"wc-block-grid__product-image\"><img loading=\"lazy\" decoding=\"async\" width=\"300\" height=\"300\" src=\"https:\/\/filosofo.ch\/wp-content\/uploads\/2024\/09\/Einzelstreifen_Front-300x300.png\" class=\"attachment-woocommerce_thumbnail size-woocommerce_thumbnail\" alt=\"Nevada\" srcset=\"https:\/\/filosofo.ch\/wp-content\/uploads\/2024\/09\/Einzelstreifen_Front-300x300.png 300w, https:\/\/filosofo.ch\/wp-content\/uploads\/2024\/09\/Einzelstreifen_Front-150x150.png 150w, https:\/\/filosofo.ch\/wp-content\/uploads\/2024\/09\/Einzelstreifen_Front-75x75.png 75w, https:\/\/filosofo.ch\/wp-content\/uploads\/2024\/09\/Einzelstreifen_Front-100x100.png 100w\" sizes=\"auto, (max-width: 300px) 100vw, 300px\" \/><\/div>\n\t\t\t\t\t<div class=\"wc-block-grid__product-title\">Nevada<\/div>\n\t\t\t\t<\/a>\n\t\t\t\t<div class=\"wc-block-grid__product-price price\"><span class=\"woocommerce-Price-amount amount\"><span class=\"woocommerce-Price-currencySymbol\">&#067;&#072;&#070;<\/span>&nbsp;140.00<\/span><\/div>\n\t\t\t\t\n\t\t\t\t<div class=\"wp-block-button wc-block-grid__product-add-to-cart\"><a href=\"https:\/\/filosofo.ch\/index.php\/produkt\/nevada\/\" aria-label=\"Lese mehr \u00fcber &#8222;Nevada&#8220;\" data-quantity=\"1\" data-product_id=\"984\" data-product_sku=\"\" data-price=\"140\" rel=\"nofollow\" class=\"wp-block-button__link  add_to_cart_button\">Weiterlesen<\/a><\/div>\n\t\t\t<\/li><li class=\"wc-block-grid__product\">\n\t\t\t\t<a href=\"https:\/\/filosofo.ch\/index.php\/produkt\/wildes-muster\/\" class=\"wc-block-grid__product-link\">\n\t\t\t\t\t\n\t\t\t\t\t<div class=\"wc-block-grid__product-image\"><img loading=\"lazy\" decoding=\"async\" width=\"300\" height=\"300\" src=\"https:\/\/filosofo.ch\/wp-content\/uploads\/2024\/09\/Wildes-Muster-schraeg-300x300.png\" class=\"attachment-woocommerce_thumbnail size-woocommerce_thumbnail\" alt=\"Wildes Muster\" srcset=\"https:\/\/filosofo.ch\/wp-content\/uploads\/2024\/09\/Wildes-Muster-schraeg-300x300.png 300w, https:\/\/filosofo.ch\/wp-content\/uploads\/2024\/09\/Wildes-Muster-schraeg-150x150.png 150w, https:\/\/filosofo.ch\/wp-content\/uploads\/2024\/09\/Wildes-Muster-schraeg-75x75.png 75w, https:\/\/filosofo.ch\/wp-content\/uploads\/2024\/09\/Wildes-Muster-schraeg-100x100.png 100w\" sizes=\"auto, (max-width: 300px) 100vw, 300px\" \/><\/div>\n\t\t\t\t\t<div class=\"wc-block-grid__product-title\">Wildes Muster<\/div>\n\t\t\t\t<\/a>\n\t\t\t\t<div class=\"wc-block-grid__product-price price\"><span class=\"woocommerce-Price-amount amount\"><span class=\"woocommerce-Price-currencySymbol\">&#067;&#072;&#070;<\/span>&nbsp;90.00<\/span><\/div>\n\t\t\t\t\n\t\t\t\t<div class=\"wp-block-button wc-block-grid__product-add-to-cart\"><a href=\"https:\/\/filosofo.ch\/index.php\/produkt\/wildes-muster\/\" aria-label=\"Lese mehr \u00fcber &#8222;Wildes Muster&#8220;\" data-quantity=\"1\" data-product_id=\"966\" data-product_sku=\"\" data-price=\"90\" rel=\"nofollow\" class=\"wp-block-button__link  add_to_cart_button\">Weiterlesen<\/a><\/div>\n\t\t\t<\/li><li class=\"wc-block-grid__product\">\n\t\t\t\t<a href=\"https:\/\/filosofo.ch\/index.php\/produkt\/holzbalsam-150ml\/\" class=\"wc-block-grid__product-link\">\n\t\t\t\t\t\n\t\t\t\t\t<div class=\"wc-block-grid__product-image\"><img loading=\"lazy\" decoding=\"async\" width=\"300\" height=\"300\" src=\"https:\/\/filosofo.ch\/wp-content\/uploads\/2023\/06\/Holzbalsam-Deckel-geschlossen-300x300.png\" class=\"attachment-woocommerce_thumbnail size-woocommerce_thumbnail\" alt=\"Holzbalsam 150ml\" srcset=\"https:\/\/filosofo.ch\/wp-content\/uploads\/2023\/06\/Holzbalsam-Deckel-geschlossen-300x300.png 300w, https:\/\/filosofo.ch\/wp-content\/uploads\/2023\/06\/Holzbalsam-Deckel-geschlossen-150x150.png 150w, https:\/\/filosofo.ch\/wp-content\/uploads\/2023\/06\/Holzbalsam-Deckel-geschlossen-75x75.png 75w, https:\/\/filosofo.ch\/wp-content\/uploads\/2023\/06\/Holzbalsam-Deckel-geschlossen-100x100.png 100w\" sizes=\"auto, (max-width: 300px) 100vw, 300px\" \/><\/div>\n\t\t\t\t\t<div class=\"wc-block-grid__product-title\">Holzbalsam 150ml<\/div>\n\t\t\t\t<\/a>\n\t\t\t\t<div class=\"wc-block-grid__product-price price\"><span class=\"woocommerce-Price-amount amount\"><span class=\"woocommerce-Price-currencySymbol\">&#067;&#072;&#070;<\/span>&nbsp;14.00<\/span><\/div>\n\t\t\t\t\n\t\t\t\t<div class=\"wp-block-button wc-block-grid__product-add-to-cart\"><a href=\"https:\/\/filosofo.ch\/index.php\/produkt\/holzbalsam-150ml\/\" aria-label=\"Lese mehr \u00fcber &#8222;Holzbalsam 150ml&#8220;\" data-quantity=\"1\" data-product_id=\"900\" data-product_sku=\"\" data-price=\"14\" rel=\"nofollow\" class=\"wp-block-button__link  add_to_cart_button\">Weiterlesen<\/a><\/div>\n\t\t\t<\/li><li class=\"wc-block-grid__product\">\n\t\t\t\t<a href=\"https:\/\/filosofo.ch\/index.php\/produkt\/form-mauerwerk-kirsche-ahorn-36-5-x-25-2-x-1-8-cm\/\" class=\"wc-block-grid__product-link\">\n\t\t\t\t\t\n\t\t\t\t\t<div class=\"wc-block-grid__product-image\"><img loading=\"lazy\" decoding=\"async\" width=\"300\" height=\"300\" src=\"https:\/\/filosofo.ch\/wp-content\/uploads\/2023\/10\/Mauerwerk_Vorne-300x300.png\" class=\"attachment-woocommerce_thumbnail size-woocommerce_thumbnail\" alt=\"Berlin\" srcset=\"https:\/\/filosofo.ch\/wp-content\/uploads\/2023\/10\/Mauerwerk_Vorne-300x300.png 300w, https:\/\/filosofo.ch\/wp-content\/uploads\/2023\/10\/Mauerwerk_Vorne-150x150.png 150w, https:\/\/filosofo.ch\/wp-content\/uploads\/2023\/10\/Mauerwerk_Vorne-75x75.png 75w, https:\/\/filosofo.ch\/wp-content\/uploads\/2023\/10\/Mauerwerk_Vorne-100x100.png 100w\" sizes=\"auto, (max-width: 300px) 100vw, 300px\" \/><\/div>\n\t\t\t\t\t<div class=\"wc-block-grid__product-title\">Berlin<\/div>\n\t\t\t\t<\/a>\n\t\t\t\t<div class=\"wc-block-grid__product-price price\"><span class=\"woocommerce-Price-amount amount\"><span class=\"woocommerce-Price-currencySymbol\">&#067;&#072;&#070;<\/span>&nbsp;100.00<\/span><\/div>\n\t\t\t\t\n\t\t\t\t<div class=\"wp-block-button wc-block-grid__product-add-to-cart\"><a href=\"https:\/\/filosofo.ch\/index.php\/produkt\/form-mauerwerk-kirsche-ahorn-36-5-x-25-2-x-1-8-cm\/\" aria-label=\"Lese mehr \u00fcber &#8222;Berlin&#8220;\" data-quantity=\"1\" data-product_id=\"865\" data-product_sku=\"\" data-price=\"100\" rel=\"nofollow\" class=\"wp-block-button__link  add_to_cart_button\">Weiterlesen<\/a><\/div>\n\t\t\t<\/li><li class=\"wc-block-grid__product\">\n\t\t\t\t<a href=\"https:\/\/filosofo.ch\/index.php\/produkt\/gemischt-35-3-x-21-6-x-3-5-cm\/\" class=\"wc-block-grid__product-link\">\n\t\t\t\t\t\n\t\t\t\t\t<div class=\"wc-block-grid__product-image\"><img loading=\"lazy\" decoding=\"async\" width=\"300\" height=\"300\" src=\"https:\/\/filosofo.ch\/wp-content\/uploads\/2023\/09\/20230811_19352-300x300.png\" class=\"attachment-woocommerce_thumbnail size-woocommerce_thumbnail\" alt=\"San Diego\" srcset=\"https:\/\/filosofo.ch\/wp-content\/uploads\/2023\/09\/20230811_19352-300x300.png 300w, https:\/\/filosofo.ch\/wp-content\/uploads\/2023\/09\/20230811_19352-150x150.png 150w, https:\/\/filosofo.ch\/wp-content\/uploads\/2023\/09\/20230811_19352-75x75.png 75w, https:\/\/filosofo.ch\/wp-content\/uploads\/2023\/09\/20230811_19352-100x100.png 100w\" sizes=\"auto, (max-width: 300px) 100vw, 300px\" \/><\/div>\n\t\t\t\t\t<div class=\"wc-block-grid__product-title\">San Diego<\/div>\n\t\t\t\t<\/a>\n\t\t\t\t<div class=\"wc-block-grid__product-price price\"><span class=\"woocommerce-Price-amount amount\"><span class=\"woocommerce-Price-currencySymbol\">&#067;&#072;&#070;<\/span>&nbsp;110.00<\/span><\/div>\n\t\t\t\t\n\t\t\t\t<div class=\"wp-block-button wc-block-grid__product-add-to-cart\"><a href=\"https:\/\/filosofo.ch\/index.php\/produkt\/gemischt-35-3-x-21-6-x-3-5-cm\/\" aria-label=\"Lese mehr \u00fcber &#8222;San Diego&#8220;\" data-quantity=\"1\" data-product_id=\"807\" data-product_sku=\"\" data-price=\"110\" rel=\"nofollow\" class=\"wp-block-button__link  add_to_cart_button\">Weiterlesen<\/a><\/div>\n\t\t\t<\/li><li class=\"wc-block-grid__product\">\n\t\t\t\t<a href=\"https:\/\/filosofo.ch\/index.php\/produkt\/holzbalsam\/\" class=\"wc-block-grid__product-link\">\n\t\t\t\t\t\n\t\t\t\t\t<div class=\"wc-block-grid__product-image\"><img loading=\"lazy\" decoding=\"async\" width=\"300\" height=\"300\" src=\"https:\/\/filosofo.ch\/wp-content\/uploads\/2023\/06\/Holzbalsam-Deckel-geschlossen-300x300.png\" class=\"attachment-woocommerce_thumbnail size-woocommerce_thumbnail\" alt=\"Holzbalsam 60 ml\" srcset=\"https:\/\/filosofo.ch\/wp-content\/uploads\/2023\/06\/Holzbalsam-Deckel-geschlossen-300x300.png 300w, https:\/\/filosofo.ch\/wp-content\/uploads\/2023\/06\/Holzbalsam-Deckel-geschlossen-150x150.png 150w, https:\/\/filosofo.ch\/wp-content\/uploads\/2023\/06\/Holzbalsam-Deckel-geschlossen-75x75.png 75w, https:\/\/filosofo.ch\/wp-content\/uploads\/2023\/06\/Holzbalsam-Deckel-geschlossen-100x100.png 100w\" sizes=\"auto, (max-width: 300px) 100vw, 300px\" \/><\/div>\n\t\t\t\t\t<div class=\"wc-block-grid__product-title\">Holzbalsam 60 ml<\/div>\n\t\t\t\t<\/a>\n\t\t\t\t<div class=\"wc-block-grid__product-price price\"><span class=\"woocommerce-Price-amount amount\"><span class=\"woocommerce-Price-currencySymbol\">&#067;&#072;&#070;<\/span>&nbsp;6.00<\/span><\/div>\n\t\t\t\t\n\t\t\t\t<div class=\"wp-block-button wc-block-grid__product-add-to-cart\"><a href=\"https:\/\/filosofo.ch\/index.php\/produkt\/holzbalsam\/\" aria-label=\"Lese mehr \u00fcber &#8222;Holzbalsam 60 ml&#8220;\" data-quantity=\"1\" data-product_id=\"778\" data-product_sku=\"\" data-price=\"6\" rel=\"nofollow\" class=\"wp-block-button__link  add_to_cart_button\">Weiterlesen<\/a><\/div>\n\t\t\t<\/li><\/ul><\/div><\/div><\/div>\n","protected":false},"excerpt":{"rendered":"<p>Unser On-line Shop finden Sie hier Bei den Schneidebretter handelt sich ausschliesslich um Stirnholz oder auch Hirnholzbretter (Im Gegensatz zu den L\u00e4ngsholz-Bretter). Einzelne kleine Stirnholzelemente werden zu einem grossen ganzen zusammen gesetzt. Ein Stirnholzbrett hat einige Vorteile, gegen\u00fcber herk\u00f6mmlichen Brettern. Betrachten Sie ein Pack Spaghetti und k\u00f6nnen dies gut nachvollziehen.&hellip; <\/p>\n","protected":false},"author":1,"featured_media":0,"parent":0,"menu_order":1,"comment_status":"closed","ping_status":"closed","template":"","meta":{"_uag_custom_page_level_css":"","footnotes":""},"class_list":["post-107","page","type-page","status-publish","hentry"],"uagb_featured_image_src":{"full":false,"thumbnail":false,"medium":false,"medium_large":false,"large":false,"1536x1536":false,"2048x2048":false,"shoppingcart-product-cat-image":false,"shoppingcart-featured-brand-image":false,"shoppingcart-grid-product-image":false,"shoppingcart-popular-post":false,"woocommerce_thumbnail":false,"woocommerce_single":false,"woocommerce_gallery_thumbnail":false},"uagb_author_info":{"display_name":"admin","author_link":"https:\/\/filosofo.ch\/index.php\/author\/sergiofilosofo_ljguc24u\/"},"uagb_comment_info":0,"uagb_excerpt":"Unser On-line Shop finden Sie hier Bei den Schneidebretter handelt sich ausschliesslich um Stirnholz oder auch Hirnholzbretter (Im Gegensatz zu den L\u00e4ngsholz-Bretter). Einzelne kleine Stirnholzelemente werden zu einem grossen ganzen zusammen gesetzt. Ein Stirnholzbrett hat einige Vorteile, gegen\u00fcber herk\u00f6mmlichen Brettern. Betrachten Sie ein Pack Spaghetti und k\u00f6nnen dies gut nachvollziehen.&hellip;","jetpack_sharing_enabled":true,"_links":{"self":[{"href":"https:\/\/filosofo.ch\/index.php\/wp-json\/wp\/v2\/pages\/107","targetHints":{"allow":["GET"]}}],"collection":[{"href":"https:\/\/filosofo.ch\/index.php\/wp-json\/wp\/v2\/pages"}],"about":[{"href":"https:\/\/filosofo.ch\/index.php\/wp-json\/wp\/v2\/types\/page"}],"author":[{"embeddable":true,"href":"https:\/\/filosofo.ch\/index.php\/wp-json\/wp\/v2\/users\/1"}],"replies":[{"embeddable":true,"href":"https:\/\/filosofo.ch\/index.php\/wp-json\/wp\/v2\/comments?post=107"}],"version-history":[{"count":13,"href":"https:\/\/filosofo.ch\/index.php\/wp-json\/wp\/v2\/pages\/107\/revisions"}],"predecessor-version":[{"id":1044,"href":"https:\/\/filosofo.ch\/index.php\/wp-json\/wp\/v2\/pages\/107\/revisions\/1044"}],"wp:attachment":[{"href":"https:\/\/filosofo.ch\/index.php\/wp-json\/wp\/v2\/media?parent=107"}],"curies":[{"name":"wp","href":"https:\/\/api.w.org\/{rel}","templated":true}]}}