{"id":7,"date":"2021-09-20T09:48:52","date_gmt":"2021-09-20T09:48:52","guid":{"rendered":"https:\/\/filosofo.ch\/?page_id=7"},"modified":"2023-09-10T09:23:04","modified_gmt":"2023-09-10T09:23:04","slug":"ueber-uns","status":"publish","type":"page","link":"https:\/\/filosofo.ch\/index.php\/ueber-uns\/","title":{"rendered":"\u00dcber mich"},"content":{"rendered":"\n<p><\/p>\n\n\n\n<figure class=\"wp-block-table is-style-regular\"><table class=\"has-white-color has-text-color has-background\" style=\"background:linear-gradient(90deg,rgb(180,125,73) 0%,rgb(93,52,2) 100%)\"><tbody><tr><td>Das Handwerk hat mich immer fasziniert und so habe ich mit einer handwerklichen Ausbildung gestartet. Diverse Weiter- und Ausbildungen haben mich in die Informatikbranche gef\u00fchrt. F\u00fcr den Ausgleich und die Freude am Handwerk habe ich mich immer mehr mit dem Werkstoff Holz befasst. Holz ist ein wunderbarer Rohstoff, 100% nat\u00fcrlich und jedes Brett hat seinen eigenen Charakter. Faszinierend wie aus einer kleinen Pflanze \u00fcber viele Jahre ein Baum w\u00e4chst und den Rohstoff f\u00fcr meine Endprodukte bietet. Da ich selbst auch holze, bin ich auch immer wieder gespannt, was die Geschichte des Baumes ist und wie sein inneres aussieht.<br>Seit viele Jahren f\u00fchre ich in meiner Holzwerkstatt verschiedene Arbeiten durch. Zuerst nur f\u00fcr mich und dann immer mehr weitere Auftr\u00e4ge. In meiner Schreinerei entstehen Produkte die im Alltag benutzt werden und ein schlichtes und elegantes Design haben. Spezialisiert haben wir uns auf Apero- und Schneidebretter. S\u00e4mtliches Holz das wir einsetzen kommt zu 100% aus der Schweiz und aus der Region.<br>Holz ist etwas lebendiges und doch hat es eine ruhige Art, das mich immer wieder in eine andere Welt bringt.<\/td><td><img loading=\"lazy\" decoding=\"async\" width=\"3000\" height=\"4000\" class=\"wp-image-789\" style=\"width: 3000px;\" src=\"https:\/\/filosofo.ch\/wp-content\/uploads\/2023\/06\/20220626_143805-scaled.jpg\" alt=\"\" srcset=\"https:\/\/filosofo.ch\/wp-content\/uploads\/2023\/06\/20220626_143805-scaled.jpg 1920w, https:\/\/filosofo.ch\/wp-content\/uploads\/2023\/06\/20220626_143805-225x300.jpg 225w, https:\/\/filosofo.ch\/wp-content\/uploads\/2023\/06\/20220626_143805-768x1024.jpg 768w, https:\/\/filosofo.ch\/wp-content\/uploads\/2023\/06\/20220626_143805-1152x1536.jpg 1152w, https:\/\/filosofo.ch\/wp-content\/uploads\/2023\/06\/20220626_143805-1536x2048.jpg 1536w, https:\/\/filosofo.ch\/wp-content\/uploads\/2023\/06\/20220626_143805-600x800.jpg 600w\" sizes=\"auto, (max-width: 3000px) 100vw, 3000px\" \/><\/td><\/tr><\/tbody><\/table><\/figure>\n","protected":false},"excerpt":{"rendered":"<p>Das Handwerk hat mich immer fasziniert und so habe ich mit einer handwerklichen Ausbildung gestartet. Diverse Weiter- und Ausbildungen haben mich in die Informatikbranche gef\u00fchrt. F\u00fcr den Ausgleich und die Freude am Handwerk habe ich mich immer mehr mit dem Werkstoff Holz befasst. Holz ist ein wunderbarer Rohstoff, 100% nat\u00fcrlich&hellip; <\/p>\n","protected":false},"author":1,"featured_media":0,"parent":0,"menu_order":0,"comment_status":"closed","ping_status":"closed","template":"","meta":{"_uag_custom_page_level_css":"","footnotes":""},"class_list":["post-7","page","type-page","status-publish","hentry"],"uagb_featured_image_src":{"full":false,"thumbnail":false,"medium":false,"medium_large":false,"large":false,"1536x1536":false,"2048x2048":false,"shoppingcart-product-cat-image":false,"shoppingcart-featured-brand-image":false,"shoppingcart-grid-product-image":false,"shoppingcart-popular-post":false,"woocommerce_thumbnail":false,"woocommerce_single":false,"woocommerce_gallery_thumbnail":false},"uagb_author_info":{"display_name":"admin","author_link":"https:\/\/filosofo.ch\/index.php\/author\/sergiofilosofo_ljguc24u\/"},"uagb_comment_info":0,"uagb_excerpt":"Das Handwerk hat mich immer fasziniert und so habe ich mit einer handwerklichen Ausbildung gestartet. Diverse Weiter- und Ausbildungen haben mich in die Informatikbranche gef\u00fchrt. F\u00fcr den Ausgleich und die Freude am Handwerk habe ich mich immer mehr mit dem Werkstoff Holz befasst. Holz ist ein wunderbarer Rohstoff, 100% nat\u00fcrlich&hellip;","jetpack_sharing_enabled":true,"_links":{"self":[{"href":"https:\/\/filosofo.ch\/index.php\/wp-json\/wp\/v2\/pages\/7","targetHints":{"allow":["GET"]}}],"collection":[{"href":"https:\/\/filosofo.ch\/index.php\/wp-json\/wp\/v2\/pages"}],"about":[{"href":"https:\/\/filosofo.ch\/index.php\/wp-json\/wp\/v2\/types\/page"}],"author":[{"embeddable":true,"href":"https:\/\/filosofo.ch\/index.php\/wp-json\/wp\/v2\/users\/1"}],"replies":[{"embeddable":true,"href":"https:\/\/filosofo.ch\/index.php\/wp-json\/wp\/v2\/comments?post=7"}],"version-history":[{"count":12,"href":"https:\/\/filosofo.ch\/index.php\/wp-json\/wp\/v2\/pages\/7\/revisions"}],"predecessor-version":[{"id":818,"href":"https:\/\/filosofo.ch\/index.php\/wp-json\/wp\/v2\/pages\/7\/revisions\/818"}],"wp:attachment":[{"href":"https:\/\/filosofo.ch\/index.php\/wp-json\/wp\/v2\/media?parent=7"}],"curies":[{"name":"wp","href":"https:\/\/api.w.org\/{rel}","templated":true}]}}