{"id":766,"date":"2023-06-03T13:13:33","date_gmt":"2023-06-03T13:13:33","guid":{"rendered":"https:\/\/filosofo.ch\/?page_id=766"},"modified":"2023-06-03T13:13:33","modified_gmt":"2023-06-03T13:13:33","slug":"verkaufsbedingungen","status":"publish","type":"page","link":"https:\/\/filosofo.ch\/index.php\/verkaufsbedingungen\/","title":{"rendered":"Verkaufsbedingungen"},"content":{"rendered":"\n<h1 class=\"wp-block-heading\">Verkaufsbestimmungen f\u00fcr Online Shop<\/h1>\n\n\n\n<p><strong>Sicherheit und Datenschutz<\/strong><br>Ihre Sicherheit ist uns wichtig. Deshalb wickeln wir Kreditkartenbezahlungen \u00fcber Stripe ab. Die \u00dcbertragung der Daten geschieht dabei \u00fcber Secure Socket Layers (SSL), einem ausgereiften Sicherheitssystem. Ihre Zahlungsdaten werden bei Online-Bestellungen nicht bei uns gespeichert. Auch garantiert Ihnen tonkreationen.ch, dass Ihre Daten nicht an Dritte weitergegeben werden.<\/p>\n\n\n\n<p><strong>W\u00e4hrung und Mehrwertsteuer<\/strong><br>Alle Preisangaben verstehen sich in Schweizer Franken.<br>Wir sind nicht MWST-pflichtig.<\/p>\n\n\n\n<p><strong>Zahlungsarten<\/strong><br>Die Artikel, die Sie online bei &#8222;filosofo.ch&#8220; kaufen k\u00f6nnen Sie mit Kreditkarte (Mastercard und Visa) bezahlen<\/p>\n\n\n\n<p><strong>R\u00fcckgaberecht<\/strong><\/p>\n\n\n\n<p>F\u00fcr Artikel die f\u00fcr Sie hergestellt werden gilt KEIN R\u00fcckgaberecht, da diese individuell auf Kundenwunsch angefertigt sind.<br>Vorgefertigte Artikel k\u00f6nnen in Originalverpackung innert 14 Tagen retourniert werden. Die Verpackungskosten gehen zu Lasten des Bestellers.<\/p>\n\n\n\n<p><strong>Versand<\/strong><br>Wir liefern nur innerhalb der Schweiz. Die Versandkosten werden Ihnen bei der Warenkorb-Ansicht und an der Kasse beim Checkout angezeigt. Alternativ kann die Ware nach Vereinbarung auch abgeholt werden. In diesem Falle entf\u00e4llt die Versandpauschale. Beim Checkout k\u00f6nnen Sie zwischen den Optionen Versand oder Abholung vor Ort w\u00e4hlen.<\/p>\n\n\n\n<p><strong>Kontakt und Betreiber von filosofo.ch<\/strong><\/p>\n\n\n\n<p>Filosofo Holzwerke<br>Geimoosstrasse 12<br>8712 St\u00e4fa<br>info@holzwerke.ch<\/p>\n","protected":false},"excerpt":{"rendered":"<p>Verkaufsbestimmungen f\u00fcr Online Shop Sicherheit und DatenschutzIhre Sicherheit ist uns wichtig. Deshalb wickeln wir Kreditkartenbezahlungen \u00fcber Stripe ab. Die \u00dcbertragung der Daten geschieht dabei \u00fcber Secure Socket Layers (SSL), einem ausgereiften Sicherheitssystem. Ihre Zahlungsdaten werden bei Online-Bestellungen nicht bei uns gespeichert. Auch garantiert Ihnen tonkreationen.ch, dass Ihre Daten nicht an&hellip; <\/p>\n","protected":false},"author":1,"featured_media":0,"parent":0,"menu_order":0,"comment_status":"closed","ping_status":"closed","template":"","meta":{"_uag_custom_page_level_css":"","footnotes":""},"class_list":["post-766","page","type-page","status-publish","hentry"],"uagb_featured_image_src":{"full":false,"thumbnail":false,"medium":false,"medium_large":false,"large":false,"1536x1536":false,"2048x2048":false,"shoppingcart-product-cat-image":false,"shoppingcart-featured-brand-image":false,"shoppingcart-grid-product-image":false,"shoppingcart-popular-post":false,"woocommerce_thumbnail":false,"woocommerce_single":false,"woocommerce_gallery_thumbnail":false},"uagb_author_info":{"display_name":"admin","author_link":"https:\/\/filosofo.ch\/index.php\/author\/sergiofilosofo_ljguc24u\/"},"uagb_comment_info":0,"uagb_excerpt":"Verkaufsbestimmungen f\u00fcr Online Shop Sicherheit und DatenschutzIhre Sicherheit ist uns wichtig. Deshalb wickeln wir Kreditkartenbezahlungen \u00fcber Stripe ab. Die \u00dcbertragung der Daten geschieht dabei \u00fcber Secure Socket Layers (SSL), einem ausgereiften Sicherheitssystem. Ihre Zahlungsdaten werden bei Online-Bestellungen nicht bei uns gespeichert. Auch garantiert Ihnen tonkreationen.ch, dass Ihre Daten nicht an&hellip;","jetpack_sharing_enabled":true,"_links":{"self":[{"href":"https:\/\/filosofo.ch\/index.php\/wp-json\/wp\/v2\/pages\/766","targetHints":{"allow":["GET"]}}],"collection":[{"href":"https:\/\/filosofo.ch\/index.php\/wp-json\/wp\/v2\/pages"}],"about":[{"href":"https:\/\/filosofo.ch\/index.php\/wp-json\/wp\/v2\/types\/page"}],"author":[{"embeddable":true,"href":"https:\/\/filosofo.ch\/index.php\/wp-json\/wp\/v2\/users\/1"}],"replies":[{"embeddable":true,"href":"https:\/\/filosofo.ch\/index.php\/wp-json\/wp\/v2\/comments?post=766"}],"version-history":[{"count":1,"href":"https:\/\/filosofo.ch\/index.php\/wp-json\/wp\/v2\/pages\/766\/revisions"}],"predecessor-version":[{"id":767,"href":"https:\/\/filosofo.ch\/index.php\/wp-json\/wp\/v2\/pages\/766\/revisions\/767"}],"wp:attachment":[{"href":"https:\/\/filosofo.ch\/index.php\/wp-json\/wp\/v2\/media?parent=766"}],"curies":[{"name":"wp","href":"https:\/\/api.w.org\/{rel}","templated":true}]}}