{"id":697,"date":"2023-05-20T18:24:11","date_gmt":"2023-05-20T18:24:11","guid":{"rendered":"https:\/\/filosofo.ch\/?post_type=product&#038;p=697"},"modified":"2024-08-31T15:34:49","modified_gmt":"2024-08-31T15:34:49","slug":"nussbaum-20-x-19-4-x-3-cm","status":"publish","type":"product","link":"https:\/\/filosofo.ch\/index.php\/produkt\/nussbaum-20-x-19-4-x-3-cm\/","title":{"rendered":"Nussbaum, 20 x 19.4 x 3 cm"},"content":{"rendered":"<p>Stirnholzbrett aus Nussbaum. Jedes Brett ein Unikat und einzeln von Hand gefertigt. Lebensmittelecht behandelt. Durch den Aufbau des Brettes eignet es sich perfekt zum schneiden zugleich schont es ihre Messer und diese werden weniger schnell stumpf. Das Brett besitzt Silikonf\u00fcsse f\u00fcr einen rutschfesten Halt. Seitliche Griffmulden f\u00fcr ein einfaches hochheben des Brettes.<\/p>\n<p>Abmessungen 20 x 19.4 x 3.0 cm (L x B x H)<\/p>\n","protected":false},"excerpt":{"rendered":"<p>Stirnholzbrett aus Nussbaum. Jedes Brett ein Unikat und einzeln von Hand gefertigt. Lebensmittelecht behandelt. Durch den Aufbau des Brettes eignet es sich perfekt zum schneiden zugleich schont es ihre Messer und diese werden weniger schnell stumpf. Das Brett besitzt Silikonf\u00fcsse f\u00fcr einen rutschfesten Halt. Seitliche Griffmulden f\u00fcr ein einfaches hochheben&hellip; <\/p>\n","protected":false},"featured_media":698,"template":"","meta":{"_uag_custom_page_level_css":""},"product_brand":[],"product_cat":[25],"product_tag":[],"class_list":{"0":"post-697","1":"product","2":"type-product","3":"status-publish","4":"has-post-thumbnail","6":"product_cat-schneidebretter","8":"first","9":"outofstock","10":"shipping-taxable","11":"purchasable","12":"product-type-simple"},"uagb_featured_image_src":{"full":["https:\/\/filosofo.ch\/wp-content\/uploads\/2023\/05\/20230520_170702.png",726,343,false],"thumbnail":["https:\/\/filosofo.ch\/wp-content\/uploads\/2023\/05\/20230520_170702-150x150.png",150,150,true],"medium":["https:\/\/filosofo.ch\/wp-content\/uploads\/2023\/05\/20230520_170702-300x142.png",300,142,true],"medium_large":["https:\/\/filosofo.ch\/wp-content\/uploads\/2023\/05\/20230520_170702.png",726,343,false],"large":["https:\/\/filosofo.ch\/wp-content\/uploads\/2023\/05\/20230520_170702.png",726,343,false],"1536x1536":["https:\/\/filosofo.ch\/wp-content\/uploads\/2023\/05\/20230520_170702.png",726,343,false],"2048x2048":["https:\/\/filosofo.ch\/wp-content\/uploads\/2023\/05\/20230520_170702.png",726,343,false],"shoppingcart-product-cat-image":["https:\/\/filosofo.ch\/wp-content\/uploads\/2023\/05\/20230520_170702-512x343.png",512,343,true],"shoppingcart-featured-brand-image":["https:\/\/filosofo.ch\/wp-content\/uploads\/2023\/05\/20230520_170702-400x200.png",400,200,true],"shoppingcart-grid-product-image":["https:\/\/filosofo.ch\/wp-content\/uploads\/2023\/05\/20230520_170702-420x343.png",420,343,true],"shoppingcart-popular-post":["https:\/\/filosofo.ch\/wp-content\/uploads\/2023\/05\/20230520_170702-75x75.png",75,75,true],"woocommerce_thumbnail":["https:\/\/filosofo.ch\/wp-content\/uploads\/2023\/05\/20230520_170702-300x300.png",300,300,true],"woocommerce_single":["https:\/\/filosofo.ch\/wp-content\/uploads\/2023\/05\/20230520_170702-600x283.png",600,283,true],"woocommerce_gallery_thumbnail":["https:\/\/filosofo.ch\/wp-content\/uploads\/2023\/05\/20230520_170702-100x100.png",100,100,true]},"uagb_author_info":{"display_name":"admin","author_link":"https:\/\/filosofo.ch\/index.php\/author\/"},"uagb_comment_info":0,"uagb_excerpt":"Stirnholzbrett aus Nussbaum. Jedes Brett ein Unikat und einzeln von Hand gefertigt. Lebensmittelecht behandelt. Durch den Aufbau des Brettes eignet es sich perfekt zum schneiden zugleich schont es ihre Messer und diese werden weniger schnell stumpf. Das Brett besitzt Silikonf\u00fcsse f\u00fcr einen rutschfesten Halt. Seitliche Griffmulden f\u00fcr ein einfaches hochheben&hellip;","jetpack_sharing_enabled":true,"_links":{"self":[{"href":"https:\/\/filosofo.ch\/index.php\/wp-json\/wp\/v2\/product\/697","targetHints":{"allow":["GET"]}}],"collection":[{"href":"https:\/\/filosofo.ch\/index.php\/wp-json\/wp\/v2\/product"}],"about":[{"href":"https:\/\/filosofo.ch\/index.php\/wp-json\/wp\/v2\/types\/product"}],"wp:featuredmedia":[{"embeddable":true,"href":"https:\/\/filosofo.ch\/index.php\/wp-json\/wp\/v2\/media\/698"}],"wp:attachment":[{"href":"https:\/\/filosofo.ch\/index.php\/wp-json\/wp\/v2\/media?parent=697"}],"wp:term":[{"taxonomy":"product_brand","embeddable":true,"href":"https:\/\/filosofo.ch\/index.php\/wp-json\/wp\/v2\/product_brand?post=697"},{"taxonomy":"product_cat","embeddable":true,"href":"https:\/\/filosofo.ch\/index.php\/wp-json\/wp\/v2\/product_cat?post=697"},{"taxonomy":"product_tag","embeddable":true,"href":"https:\/\/filosofo.ch\/index.php\/wp-json\/wp\/v2\/product_tag?post=697"}],"curies":[{"name":"wp","href":"https:\/\/api.w.org\/{rel}","templated":true}]}}