{"id":742,"date":"2023-05-20T19:21:57","date_gmt":"2023-05-20T19:21:57","guid":{"rendered":"https:\/\/filosofo.ch\/?post_type=product&#038;p=742"},"modified":"2025-01-03T16:28:01","modified_gmt":"2025-01-03T16:28:01","slug":"nussbaum-kirsche-48-2-x-22-6-x-1-9-cm","status":"publish","type":"product","link":"https:\/\/filosofo.ch\/index.php\/produkt\/nussbaum-kirsche-48-2-x-22-6-x-1-9-cm\/","title":{"rendered":"Nussbaum\/Kirsche, 48.2 x 22.6 x 1.9 cm"},"content":{"rendered":"<p>Aperobrett aus Nussbaum mit Streifen aus Kirsche. Jedes Brett ein Unikat und einzeln von Hand gefertigt. Lebensmittelecht behandelt. Ideal zum Servieren von K\u00e4se, Fleisch oder Apero. Ideal f\u00fcr Raclettk\u00e4se, da es sich um ein langes und schmales Brett handelt. Mit Filzgleiter f\u00fcr kratzempfindliche Oberfl\u00e4chen. Mit seitlichen Griffmulden f\u00fcr ein einfaches Anheben.<\/p>\n<p>Abmessungen 48.2 x 22.6 x 1.9 cm (L x B x H)<\/p>\n","protected":false},"excerpt":{"rendered":"<p>Aperobrett aus Nussbaum mit Streifen aus Kirsche. Jedes Brett ein Unikat und einzeln von Hand gefertigt. Lebensmittelecht behandelt. Ideal zum Servieren von K\u00e4se, Fleisch oder Apero. Ideal f\u00fcr Raclettk\u00e4se, da es sich um ein langes und schmales Brett handelt. Mit Filzgleiter f\u00fcr kratzempfindliche Oberfl\u00e4chen. Mit seitlichen Griffmulden f\u00fcr ein einfaches&hellip; <\/p>\n","protected":false},"featured_media":744,"template":"","meta":{"_uag_custom_page_level_css":""},"product_brand":[],"product_cat":[24],"product_tag":[],"class_list":{"0":"post-742","1":"product","2":"type-product","3":"status-publish","4":"has-post-thumbnail","6":"product_cat-aperobretter","8":"first","9":"outofstock","10":"shipping-taxable","11":"purchasable","12":"product-type-simple"},"uagb_featured_image_src":{"full":["https:\/\/filosofo.ch\/wp-content\/uploads\/2023\/05\/20230520_171044.png",726,343,false],"thumbnail":["https:\/\/filosofo.ch\/wp-content\/uploads\/2023\/05\/20230520_171044-150x150.png",150,150,true],"medium":["https:\/\/filosofo.ch\/wp-content\/uploads\/2023\/05\/20230520_171044-300x142.png",300,142,true],"medium_large":["https:\/\/filosofo.ch\/wp-content\/uploads\/2023\/05\/20230520_171044.png",726,343,false],"large":["https:\/\/filosofo.ch\/wp-content\/uploads\/2023\/05\/20230520_171044.png",726,343,false],"1536x1536":["https:\/\/filosofo.ch\/wp-content\/uploads\/2023\/05\/20230520_171044.png",726,343,false],"2048x2048":["https:\/\/filosofo.ch\/wp-content\/uploads\/2023\/05\/20230520_171044.png",726,343,false],"shoppingcart-product-cat-image":["https:\/\/filosofo.ch\/wp-content\/uploads\/2023\/05\/20230520_171044-512x343.png",512,343,true],"shoppingcart-featured-brand-image":["https:\/\/filosofo.ch\/wp-content\/uploads\/2023\/05\/20230520_171044-400x200.png",400,200,true],"shoppingcart-grid-product-image":["https:\/\/filosofo.ch\/wp-content\/uploads\/2023\/05\/20230520_171044-420x343.png",420,343,true],"shoppingcart-popular-post":["https:\/\/filosofo.ch\/wp-content\/uploads\/2023\/05\/20230520_171044-75x75.png",75,75,true],"woocommerce_thumbnail":["https:\/\/filosofo.ch\/wp-content\/uploads\/2023\/05\/20230520_171044-300x300.png",300,300,true],"woocommerce_single":["https:\/\/filosofo.ch\/wp-content\/uploads\/2023\/05\/20230520_171044-600x283.png",600,283,true],"woocommerce_gallery_thumbnail":["https:\/\/filosofo.ch\/wp-content\/uploads\/2023\/05\/20230520_171044-100x100.png",100,100,true]},"uagb_author_info":{"display_name":"admin","author_link":"https:\/\/filosofo.ch\/index.php\/author\/"},"uagb_comment_info":0,"uagb_excerpt":"Aperobrett aus Nussbaum mit Streifen aus Kirsche. Jedes Brett ein Unikat und einzeln von Hand gefertigt. Lebensmittelecht behandelt. Ideal zum Servieren von K\u00e4se, Fleisch oder Apero. Ideal f\u00fcr Raclettk\u00e4se, da es sich um ein langes und schmales Brett handelt. Mit Filzgleiter f\u00fcr kratzempfindliche Oberfl\u00e4chen. Mit seitlichen Griffmulden f\u00fcr ein einfaches&hellip;","jetpack_sharing_enabled":true,"_links":{"self":[{"href":"https:\/\/filosofo.ch\/index.php\/wp-json\/wp\/v2\/product\/742","targetHints":{"allow":["GET"]}}],"collection":[{"href":"https:\/\/filosofo.ch\/index.php\/wp-json\/wp\/v2\/product"}],"about":[{"href":"https:\/\/filosofo.ch\/index.php\/wp-json\/wp\/v2\/types\/product"}],"wp:featuredmedia":[{"embeddable":true,"href":"https:\/\/filosofo.ch\/index.php\/wp-json\/wp\/v2\/media\/744"}],"wp:attachment":[{"href":"https:\/\/filosofo.ch\/index.php\/wp-json\/wp\/v2\/media?parent=742"}],"wp:term":[{"taxonomy":"product_brand","embeddable":true,"href":"https:\/\/filosofo.ch\/index.php\/wp-json\/wp\/v2\/product_brand?post=742"},{"taxonomy":"product_cat","embeddable":true,"href":"https:\/\/filosofo.ch\/index.php\/wp-json\/wp\/v2\/product_cat?post=742"},{"taxonomy":"product_tag","embeddable":true,"href":"https:\/\/filosofo.ch\/index.php\/wp-json\/wp\/v2\/product_tag?post=742"}],"curies":[{"name":"wp","href":"https:\/\/api.w.org\/{rel}","templated":true}]}}