{"id":795,"date":"2023-07-01T10:10:27","date_gmt":"2023-07-01T10:10:27","guid":{"rendered":"https:\/\/filosofo.ch\/?post_type=product&#038;p=795"},"modified":"2025-01-03T16:27:56","modified_gmt":"2025-01-03T16:27:56","slug":"glasuntersetzer-6-stk","status":"publish","type":"product","link":"https:\/\/filosofo.ch\/index.php\/produkt\/glasuntersetzer-6-stk\/","title":{"rendered":"Glasuntersetzer 6 Stk."},"content":{"rendered":"<p>Glasuntersetzer aus Nussbaum, Set beinhaltet 6 St\u00fcck Untersetzer. Mit Kistchen aus Nussbaum f\u00fcr die Aufbewahrung der Glasuntersetzer. In der Ecke besteht eine \u00e9ffnung, damit die Glasuntersetzer einfacher entnommen werden k\u00f6nnen. Jedes St\u00fcck ist ein Unikat und einzeln von Hand gefertigt.<\/p>\n<p>Da es sich um ein Naturprodukt handelt, kann es Abweichungen in Maserung und Farbe geben.<\/p>\n<p>Abmessungen:<br \/>\nGlasuntersetzer: 9 x 9<br \/>\nKistchen: 10.5 x 10.5 x 6 cm<\/p>\n","protected":false},"excerpt":{"rendered":"<p>Glasuntersetzer aus Nussbaum, Set beinhaltet 6 St\u00fcck Untersetzer. Mit Kistchen aus Nussbaum f\u00fcr die Aufbewahrung der Glasuntersetzer. In der Ecke besteht eine \u00e9ffnung, damit die Glasuntersetzer einfacher entnommen werden k\u00f6nnen. Jedes St\u00fcck ist ein Unikat und einzeln von Hand gefertigt. Da es sich um ein Naturprodukt handelt, kann es Abweichungen&hellip; <\/p>\n","protected":false},"featured_media":796,"template":"","meta":{"_uag_custom_page_level_css":""},"product_brand":[],"product_cat":[37],"product_tag":[],"class_list":{"0":"post-795","1":"product","2":"type-product","3":"status-publish","4":"has-post-thumbnail","6":"product_cat-geschenke","8":"first","9":"outofstock","10":"shipping-taxable","11":"purchasable","12":"product-type-simple"},"uagb_featured_image_src":{"full":["https:\/\/filosofo.ch\/wp-content\/uploads\/2023\/07\/20230624_112418-removebg-preview.png",343,726,false],"thumbnail":["https:\/\/filosofo.ch\/wp-content\/uploads\/2023\/07\/20230624_112418-removebg-preview-150x150.png",150,150,true],"medium":["https:\/\/filosofo.ch\/wp-content\/uploads\/2023\/07\/20230624_112418-removebg-preview-142x300.png",142,300,true],"medium_large":["https:\/\/filosofo.ch\/wp-content\/uploads\/2023\/07\/20230624_112418-removebg-preview.png",343,726,false],"large":["https:\/\/filosofo.ch\/wp-content\/uploads\/2023\/07\/20230624_112418-removebg-preview.png",343,726,false],"1536x1536":["https:\/\/filosofo.ch\/wp-content\/uploads\/2023\/07\/20230624_112418-removebg-preview.png",343,726,false],"2048x2048":["https:\/\/filosofo.ch\/wp-content\/uploads\/2023\/07\/20230624_112418-removebg-preview.png",343,726,false],"shoppingcart-product-cat-image":["https:\/\/filosofo.ch\/wp-content\/uploads\/2023\/07\/20230624_112418-removebg-preview-343x512.png",343,512,true],"shoppingcart-featured-brand-image":["https:\/\/filosofo.ch\/wp-content\/uploads\/2023\/07\/20230624_112418-removebg-preview-343x200.png",343,200,true],"shoppingcart-grid-product-image":["https:\/\/filosofo.ch\/wp-content\/uploads\/2023\/07\/20230624_112418-removebg-preview-343x420.png",343,420,true],"shoppingcart-popular-post":["https:\/\/filosofo.ch\/wp-content\/uploads\/2023\/07\/20230624_112418-removebg-preview-75x75.png",75,75,true],"woocommerce_thumbnail":["https:\/\/filosofo.ch\/wp-content\/uploads\/2023\/07\/20230624_112418-removebg-preview-300x300.png",300,300,true],"woocommerce_single":["https:\/\/filosofo.ch\/wp-content\/uploads\/2023\/07\/20230624_112418-removebg-preview.png",343,726,false],"woocommerce_gallery_thumbnail":["https:\/\/filosofo.ch\/wp-content\/uploads\/2023\/07\/20230624_112418-removebg-preview-100x100.png",100,100,true]},"uagb_author_info":{"display_name":"admin","author_link":"https:\/\/filosofo.ch\/index.php\/author\/"},"uagb_comment_info":0,"uagb_excerpt":"Glasuntersetzer aus Nussbaum, Set beinhaltet 6 St\u00fcck Untersetzer. Mit Kistchen aus Nussbaum f\u00fcr die Aufbewahrung der Glasuntersetzer. In der Ecke besteht eine \u00e9ffnung, damit die Glasuntersetzer einfacher entnommen werden k\u00f6nnen. Jedes St\u00fcck ist ein Unikat und einzeln von Hand gefertigt. Da es sich um ein Naturprodukt handelt, kann es Abweichungen&hellip;","jetpack_sharing_enabled":true,"_links":{"self":[{"href":"https:\/\/filosofo.ch\/index.php\/wp-json\/wp\/v2\/product\/795","targetHints":{"allow":["GET"]}}],"collection":[{"href":"https:\/\/filosofo.ch\/index.php\/wp-json\/wp\/v2\/product"}],"about":[{"href":"https:\/\/filosofo.ch\/index.php\/wp-json\/wp\/v2\/types\/product"}],"wp:featuredmedia":[{"embeddable":true,"href":"https:\/\/filosofo.ch\/index.php\/wp-json\/wp\/v2\/media\/796"}],"wp:attachment":[{"href":"https:\/\/filosofo.ch\/index.php\/wp-json\/wp\/v2\/media?parent=795"}],"wp:term":[{"taxonomy":"product_brand","embeddable":true,"href":"https:\/\/filosofo.ch\/index.php\/wp-json\/wp\/v2\/product_brand?post=795"},{"taxonomy":"product_cat","embeddable":true,"href":"https:\/\/filosofo.ch\/index.php\/wp-json\/wp\/v2\/product_cat?post=795"},{"taxonomy":"product_tag","embeddable":true,"href":"https:\/\/filosofo.ch\/index.php\/wp-json\/wp\/v2\/product_tag?post=795"}],"curies":[{"name":"wp","href":"https:\/\/api.w.org\/{rel}","templated":true}]}}