{"id":819,"date":"2023-09-10T09:37:19","date_gmt":"2023-09-10T09:37:19","guid":{"rendered":"https:\/\/filosofo.ch\/?post_type=product&#038;p=819"},"modified":"2025-01-03T16:27:29","modified_gmt":"2025-01-03T16:27:29","slug":"nuss-46-x-28-4-x-2-2","status":"publish","type":"product","link":"https:\/\/filosofo.ch\/index.php\/produkt\/nuss-46-x-28-4-x-2-2\/","title":{"rendered":"Phoenix"},"content":{"rendered":"<p>Aperobrett aus Nussbaum mit Streifen aus Kirsche. Jedes Brett ein Unikat und einzeln von Hand gefertigt. Lebensmittelecht behandelt. Ideal zum Servieren von K\u00e4se, Fleisch oder Apero. Mit Filzgleiter f\u00fcr kratzempfindliche Oberfl\u00e4chen. Mit seitlichen Griffmulden f\u00fcr ein einfaches Anheben.<\/p>\n<p>Abmessungen 46 x 28.4 x 2.2 cm (L x B x H)<\/p>\n","protected":false},"excerpt":{"rendered":"<p>Aperobrett aus Nussbaum mit Streifen aus Kirsche. Jedes Brett ein Unikat und einzeln von Hand gefertigt. Lebensmittelecht behandelt. Ideal zum Servieren von K\u00e4se, Fleisch oder Apero. Mit Filzgleiter f\u00fcr kratzempfindliche Oberfl\u00e4chen. Mit seitlichen Griffmulden f\u00fcr ein einfaches Anheben. Abmessungen 46 x 28.4 x 2.2 cm (L x B x H)<\/p>\n","protected":false},"featured_media":822,"template":"","meta":{"_uag_custom_page_level_css":""},"product_brand":[],"product_cat":[24],"product_tag":[],"class_list":{"0":"post-819","1":"product","2":"type-product","3":"status-publish","4":"has-post-thumbnail","6":"product_cat-aperobretter","8":"first","9":"outofstock","10":"shipping-taxable","11":"purchasable","12":"product-type-simple"},"uagb_featured_image_src":{"full":["https:\/\/filosofo.ch\/wp-content\/uploads\/2023\/09\/20230910_112818-removebg-preview.png",726,343,false],"thumbnail":["https:\/\/filosofo.ch\/wp-content\/uploads\/2023\/09\/20230910_112818-removebg-preview-150x150.png",150,150,true],"medium":["https:\/\/filosofo.ch\/wp-content\/uploads\/2023\/09\/20230910_112818-removebg-preview-300x142.png",300,142,true],"medium_large":["https:\/\/filosofo.ch\/wp-content\/uploads\/2023\/09\/20230910_112818-removebg-preview.png",726,343,false],"large":["https:\/\/filosofo.ch\/wp-content\/uploads\/2023\/09\/20230910_112818-removebg-preview.png",726,343,false],"1536x1536":["https:\/\/filosofo.ch\/wp-content\/uploads\/2023\/09\/20230910_112818-removebg-preview.png",726,343,false],"2048x2048":["https:\/\/filosofo.ch\/wp-content\/uploads\/2023\/09\/20230910_112818-removebg-preview.png",726,343,false],"shoppingcart-product-cat-image":["https:\/\/filosofo.ch\/wp-content\/uploads\/2023\/09\/20230910_112818-removebg-preview-512x343.png",512,343,true],"shoppingcart-featured-brand-image":["https:\/\/filosofo.ch\/wp-content\/uploads\/2023\/09\/20230910_112818-removebg-preview-400x200.png",400,200,true],"shoppingcart-grid-product-image":["https:\/\/filosofo.ch\/wp-content\/uploads\/2023\/09\/20230910_112818-removebg-preview-420x343.png",420,343,true],"shoppingcart-popular-post":["https:\/\/filosofo.ch\/wp-content\/uploads\/2023\/09\/20230910_112818-removebg-preview-75x75.png",75,75,true],"woocommerce_thumbnail":["https:\/\/filosofo.ch\/wp-content\/uploads\/2023\/09\/20230910_112818-removebg-preview-300x300.png",300,300,true],"woocommerce_single":["https:\/\/filosofo.ch\/wp-content\/uploads\/2023\/09\/20230910_112818-removebg-preview-600x283.png",600,283,true],"woocommerce_gallery_thumbnail":["https:\/\/filosofo.ch\/wp-content\/uploads\/2023\/09\/20230910_112818-removebg-preview-100x100.png",100,100,true]},"uagb_author_info":{"display_name":"admin","author_link":"https:\/\/filosofo.ch\/index.php\/author\/"},"uagb_comment_info":0,"uagb_excerpt":"Aperobrett aus Nussbaum mit Streifen aus Kirsche. Jedes Brett ein Unikat und einzeln von Hand gefertigt. Lebensmittelecht behandelt. Ideal zum Servieren von K\u00e4se, Fleisch oder Apero. Mit Filzgleiter f\u00fcr kratzempfindliche Oberfl\u00e4chen. Mit seitlichen Griffmulden f\u00fcr ein einfaches Anheben. Abmessungen 46 x 28.4 x 2.2 cm (L x B x H)","jetpack_sharing_enabled":true,"_links":{"self":[{"href":"https:\/\/filosofo.ch\/index.php\/wp-json\/wp\/v2\/product\/819","targetHints":{"allow":["GET"]}}],"collection":[{"href":"https:\/\/filosofo.ch\/index.php\/wp-json\/wp\/v2\/product"}],"about":[{"href":"https:\/\/filosofo.ch\/index.php\/wp-json\/wp\/v2\/types\/product"}],"wp:featuredmedia":[{"embeddable":true,"href":"https:\/\/filosofo.ch\/index.php\/wp-json\/wp\/v2\/media\/822"}],"wp:attachment":[{"href":"https:\/\/filosofo.ch\/index.php\/wp-json\/wp\/v2\/media?parent=819"}],"wp:term":[{"taxonomy":"product_brand","embeddable":true,"href":"https:\/\/filosofo.ch\/index.php\/wp-json\/wp\/v2\/product_brand?post=819"},{"taxonomy":"product_cat","embeddable":true,"href":"https:\/\/filosofo.ch\/index.php\/wp-json\/wp\/v2\/product_cat?post=819"},{"taxonomy":"product_tag","embeddable":true,"href":"https:\/\/filosofo.ch\/index.php\/wp-json\/wp\/v2\/product_tag?post=819"}],"curies":[{"name":"wp","href":"https:\/\/api.w.org\/{rel}","templated":true}]}}