{"id":856,"date":"2023-10-22T12:38:11","date_gmt":"2023-10-22T12:38:11","guid":{"rendered":"https:\/\/filosofo.ch\/?post_type=product&#038;p=856"},"modified":"2024-09-01T10:09:36","modified_gmt":"2024-09-01T10:09:36","slug":"nussbaum-kirsche-ahorn-47-x-22-5-x-1-4","status":"publish","type":"product","link":"https:\/\/filosofo.ch\/index.php\/produkt\/nussbaum-kirsche-ahorn-47-x-22-5-x-1-4\/","title":{"rendered":"Nussbaum\/Kirsche\/Ahorn 47 x 22.5 x 1.4"},"content":{"rendered":"<p>Aperobrett aus Nussbaum mit Streifen aus Kirsche und breiten Streifen aus Ahorn mittig. Jedes Brett ein Unikat und einzeln von Hand gefertigt. Lebensmittelecht behandelt. Ideal zum Servieren von K\u00e4se, Fleisch oder Apero. Mit Filzgleiter f\u00fcr kratzempfindliche Oberfl\u00e4chen.<\/p>\n<p>Abmessungen 47 x 22.5 x 1.4 cm (L x B x H)<\/p>\n","protected":false},"excerpt":{"rendered":"<p>Aperobrett aus Nussbaum mit Streifen aus Kirsche und breiten Streifen aus Ahorn mittig. Jedes Brett ein Unikat und einzeln von Hand gefertigt. Lebensmittelecht behandelt. Ideal zum Servieren von K\u00e4se, Fleisch oder Apero. Mit Filzgleiter f\u00fcr kratzempfindliche Oberfl\u00e4chen. Abmessungen 47 x 22.5 x 1.4 cm (L x B x H)<\/p>\n","protected":false},"featured_media":857,"template":"","meta":{"_uag_custom_page_level_css":""},"product_brand":[],"product_cat":[24],"product_tag":[],"class_list":{"0":"post-856","1":"product","2":"type-product","3":"status-publish","4":"has-post-thumbnail","6":"product_cat-aperobretter","8":"first","9":"outofstock","10":"shipping-taxable","11":"purchasable","12":"product-type-simple"},"uagb_featured_image_src":{"full":["https:\/\/filosofo.ch\/wp-content\/uploads\/2023\/10\/Nuss_Ahorn_Kirsche_Vorne.png",726,343,false],"thumbnail":["https:\/\/filosofo.ch\/wp-content\/uploads\/2023\/10\/Nuss_Ahorn_Kirsche_Vorne-150x150.png",150,150,true],"medium":["https:\/\/filosofo.ch\/wp-content\/uploads\/2023\/10\/Nuss_Ahorn_Kirsche_Vorne-300x142.png",300,142,true],"medium_large":["https:\/\/filosofo.ch\/wp-content\/uploads\/2023\/10\/Nuss_Ahorn_Kirsche_Vorne.png",726,343,false],"large":["https:\/\/filosofo.ch\/wp-content\/uploads\/2023\/10\/Nuss_Ahorn_Kirsche_Vorne.png",726,343,false],"1536x1536":["https:\/\/filosofo.ch\/wp-content\/uploads\/2023\/10\/Nuss_Ahorn_Kirsche_Vorne.png",726,343,false],"2048x2048":["https:\/\/filosofo.ch\/wp-content\/uploads\/2023\/10\/Nuss_Ahorn_Kirsche_Vorne.png",726,343,false],"shoppingcart-product-cat-image":["https:\/\/filosofo.ch\/wp-content\/uploads\/2023\/10\/Nuss_Ahorn_Kirsche_Vorne-512x343.png",512,343,true],"shoppingcart-featured-brand-image":["https:\/\/filosofo.ch\/wp-content\/uploads\/2023\/10\/Nuss_Ahorn_Kirsche_Vorne-400x200.png",400,200,true],"shoppingcart-grid-product-image":["https:\/\/filosofo.ch\/wp-content\/uploads\/2023\/10\/Nuss_Ahorn_Kirsche_Vorne-420x343.png",420,343,true],"shoppingcart-popular-post":["https:\/\/filosofo.ch\/wp-content\/uploads\/2023\/10\/Nuss_Ahorn_Kirsche_Vorne-75x75.png",75,75,true],"woocommerce_thumbnail":["https:\/\/filosofo.ch\/wp-content\/uploads\/2023\/10\/Nuss_Ahorn_Kirsche_Vorne-300x300.png",300,300,true],"woocommerce_single":["https:\/\/filosofo.ch\/wp-content\/uploads\/2023\/10\/Nuss_Ahorn_Kirsche_Vorne-600x283.png",600,283,true],"woocommerce_gallery_thumbnail":["https:\/\/filosofo.ch\/wp-content\/uploads\/2023\/10\/Nuss_Ahorn_Kirsche_Vorne-100x100.png",100,100,true]},"uagb_author_info":{"display_name":"admin","author_link":"https:\/\/filosofo.ch\/index.php\/author\/"},"uagb_comment_info":0,"uagb_excerpt":"Aperobrett aus Nussbaum mit Streifen aus Kirsche und breiten Streifen aus Ahorn mittig. Jedes Brett ein Unikat und einzeln von Hand gefertigt. Lebensmittelecht behandelt. Ideal zum Servieren von K\u00e4se, Fleisch oder Apero. Mit Filzgleiter f\u00fcr kratzempfindliche Oberfl\u00e4chen. Abmessungen 47 x 22.5 x 1.4 cm (L x B x H)","jetpack_sharing_enabled":true,"_links":{"self":[{"href":"https:\/\/filosofo.ch\/index.php\/wp-json\/wp\/v2\/product\/856","targetHints":{"allow":["GET"]}}],"collection":[{"href":"https:\/\/filosofo.ch\/index.php\/wp-json\/wp\/v2\/product"}],"about":[{"href":"https:\/\/filosofo.ch\/index.php\/wp-json\/wp\/v2\/types\/product"}],"wp:featuredmedia":[{"embeddable":true,"href":"https:\/\/filosofo.ch\/index.php\/wp-json\/wp\/v2\/media\/857"}],"wp:attachment":[{"href":"https:\/\/filosofo.ch\/index.php\/wp-json\/wp\/v2\/media?parent=856"}],"wp:term":[{"taxonomy":"product_brand","embeddable":true,"href":"https:\/\/filosofo.ch\/index.php\/wp-json\/wp\/v2\/product_brand?post=856"},{"taxonomy":"product_cat","embeddable":true,"href":"https:\/\/filosofo.ch\/index.php\/wp-json\/wp\/v2\/product_cat?post=856"},{"taxonomy":"product_tag","embeddable":true,"href":"https:\/\/filosofo.ch\/index.php\/wp-json\/wp\/v2\/product_tag?post=856"}],"curies":[{"name":"wp","href":"https:\/\/api.w.org\/{rel}","templated":true}]}}