{"id":900,"date":"2024-04-01T15:56:56","date_gmt":"2024-04-01T15:56:56","guid":{"rendered":"https:\/\/filosofo.ch\/?post_type=product&#038;p=900"},"modified":"2025-06-19T16:15:19","modified_gmt":"2025-06-19T16:15:19","slug":"holzbalsam-150ml","status":"publish","type":"product","link":"https:\/\/filosofo.ch\/index.php\/produkt\/holzbalsam-150ml\/","title":{"rendered":"Holzbalsam 150ml"},"content":{"rendered":"<p>Jetzt zus\u00e4tzlich auch in einer gr\u00f6sseren Menge verf\u00fcgbar. Ideal um den Tisch zu pflegen.<\/p>\n<p>Das Holzbalsam stellen wir selber her. Es besteht aus einer Mischung von reinem Lein\u00f6l (Leinsamen\u00f6l, lebensmittelecht) und Bienenwachs. Es pflegt ihr Apero- oder Schneidebrett, lebensmittel geeignet. Kann auch f\u00fcr die Pflege von allen anderen Holzprodukten verwendet werden.<\/p>\n<p>Tragen Sie das Holzbalsam mit einem Baumwolltuch auf das Brett auf d\u00fcnn auf und gut trocknen lassen Das Holzbalsam verleiht dem Brett wieder einen Glanz, die Maserung wird angefeuert und die Oberfl\u00e4che wird gesch\u00fctzt.<\/p>\n<p>Aluminiumdose mit Schraubdeckel, 150ml Inhalt<\/p>\n","protected":false},"excerpt":{"rendered":"<p>Jetzt zus\u00e4tzlich auch in einer gr\u00f6sseren Menge verf\u00fcgbar. Ideal um den Tisch zu pflegen. Das Holzbalsam stellen wir selber her. Es besteht aus einer Mischung von reinem Lein\u00f6l (Leinsamen\u00f6l, lebensmittelecht) und Bienenwachs. Es pflegt ihr Apero- oder Schneidebrett, lebensmittel geeignet. Kann auch f\u00fcr die Pflege von allen anderen Holzprodukten verwendet&hellip; <\/p>\n","protected":false},"featured_media":802,"template":"","meta":{"_uag_custom_page_level_css":""},"product_brand":[],"product_cat":[36,24,37,35,38,25,26],"product_tag":[],"class_list":{"0":"post-900","1":"product","2":"type-product","3":"status-publish","4":"has-post-thumbnail","6":"product_cat-adler","7":"product_cat-aperobretter","8":"product_cat-geschenke","9":"product_cat-moebel","10":"product_cat-pflegemittel","11":"product_cat-schneidebretter","12":"product_cat-teelichter-halter","14":"first","15":"outofstock","16":"shipping-taxable","17":"purchasable","18":"product-type-simple"},"uagb_featured_image_src":{"full":["https:\/\/filosofo.ch\/wp-content\/uploads\/2023\/06\/Holzbalsam-Deckel-geschlossen.png",343,726,false],"thumbnail":["https:\/\/filosofo.ch\/wp-content\/uploads\/2023\/06\/Holzbalsam-Deckel-geschlossen-150x150.png",150,150,true],"medium":["https:\/\/filosofo.ch\/wp-content\/uploads\/2023\/06\/Holzbalsam-Deckel-geschlossen-142x300.png",142,300,true],"medium_large":["https:\/\/filosofo.ch\/wp-content\/uploads\/2023\/06\/Holzbalsam-Deckel-geschlossen.png",343,726,false],"large":["https:\/\/filosofo.ch\/wp-content\/uploads\/2023\/06\/Holzbalsam-Deckel-geschlossen.png",343,726,false],"1536x1536":["https:\/\/filosofo.ch\/wp-content\/uploads\/2023\/06\/Holzbalsam-Deckel-geschlossen.png",343,726,false],"2048x2048":["https:\/\/filosofo.ch\/wp-content\/uploads\/2023\/06\/Holzbalsam-Deckel-geschlossen.png",343,726,false],"shoppingcart-product-cat-image":["https:\/\/filosofo.ch\/wp-content\/uploads\/2023\/06\/Holzbalsam-Deckel-geschlossen-343x512.png",343,512,true],"shoppingcart-featured-brand-image":["https:\/\/filosofo.ch\/wp-content\/uploads\/2023\/06\/Holzbalsam-Deckel-geschlossen-343x200.png",343,200,true],"shoppingcart-grid-product-image":["https:\/\/filosofo.ch\/wp-content\/uploads\/2023\/06\/Holzbalsam-Deckel-geschlossen-343x420.png",343,420,true],"shoppingcart-popular-post":["https:\/\/filosofo.ch\/wp-content\/uploads\/2023\/06\/Holzbalsam-Deckel-geschlossen-75x75.png",75,75,true],"woocommerce_thumbnail":["https:\/\/filosofo.ch\/wp-content\/uploads\/2023\/06\/Holzbalsam-Deckel-geschlossen-300x300.png",300,300,true],"woocommerce_single":["https:\/\/filosofo.ch\/wp-content\/uploads\/2023\/06\/Holzbalsam-Deckel-geschlossen.png",343,726,false],"woocommerce_gallery_thumbnail":["https:\/\/filosofo.ch\/wp-content\/uploads\/2023\/06\/Holzbalsam-Deckel-geschlossen-100x100.png",100,100,true]},"uagb_author_info":{"display_name":"admin","author_link":"https:\/\/filosofo.ch\/index.php\/author\/"},"uagb_comment_info":0,"uagb_excerpt":"Jetzt zus\u00e4tzlich auch in einer gr\u00f6sseren Menge verf\u00fcgbar. Ideal um den Tisch zu pflegen. Das Holzbalsam stellen wir selber her. Es besteht aus einer Mischung von reinem Lein\u00f6l (Leinsamen\u00f6l, lebensmittelecht) und Bienenwachs. Es pflegt ihr Apero- oder Schneidebrett, lebensmittel geeignet. Kann auch f\u00fcr die Pflege von allen anderen Holzprodukten verwendet&hellip;","jetpack_sharing_enabled":true,"_links":{"self":[{"href":"https:\/\/filosofo.ch\/index.php\/wp-json\/wp\/v2\/product\/900","targetHints":{"allow":["GET"]}}],"collection":[{"href":"https:\/\/filosofo.ch\/index.php\/wp-json\/wp\/v2\/product"}],"about":[{"href":"https:\/\/filosofo.ch\/index.php\/wp-json\/wp\/v2\/types\/product"}],"wp:featuredmedia":[{"embeddable":true,"href":"https:\/\/filosofo.ch\/index.php\/wp-json\/wp\/v2\/media\/802"}],"wp:attachment":[{"href":"https:\/\/filosofo.ch\/index.php\/wp-json\/wp\/v2\/media?parent=900"}],"wp:term":[{"taxonomy":"product_brand","embeddable":true,"href":"https:\/\/filosofo.ch\/index.php\/wp-json\/wp\/v2\/product_brand?post=900"},{"taxonomy":"product_cat","embeddable":true,"href":"https:\/\/filosofo.ch\/index.php\/wp-json\/wp\/v2\/product_cat?post=900"},{"taxonomy":"product_tag","embeddable":true,"href":"https:\/\/filosofo.ch\/index.php\/wp-json\/wp\/v2\/product_tag?post=900"}],"curies":[{"name":"wp","href":"https:\/\/api.w.org\/{rel}","templated":true}]}}