{"id":931,"date":"2024-05-06T14:49:20","date_gmt":"2024-05-06T14:49:20","guid":{"rendered":"https:\/\/filosofo.ch\/?post_type=product&#038;p=931"},"modified":"2025-06-19T16:15:19","modified_gmt":"2025-06-19T16:15:19","slug":"szenerie-afrika-elefanten","status":"publish","type":"product","link":"https:\/\/filosofo.ch\/index.php\/produkt\/szenerie-afrika-elefanten\/","title":{"rendered":"Khartoum"},"content":{"rendered":"<p>Aus der Serie Tiere Afrikas. Unsere Serie Tiere Afrikas mit verschiedenen Tierk\u00f6pfen und Szenen aus der Tierwelt Afrikas. Die Serie begeistert nicht nur Fans von wilden Tieren.<\/p>\n<p>Szenerie mit Elefanten auf Brett mit Ahorn und Kirschbaum. Das helle Ahorn symbolisiert den Himmel w\u00e4hrend das r\u00f6tliche Kirschholz wunderbar die Steppe Afrikas darstellt. \u00dcbergang Ahorn und Kirschholz in geschwungener Form, welche den Horizont abbildet.<br \/>\nJedes Brett ein Unikat und einzeln von Hand gefertigt.<\/p>\n<p>Dimensionen:<br \/>\n362 x 215 x 15<\/p>\n","protected":false},"excerpt":{"rendered":"<p>Aus der Serie Tiere Afrikas. Unsere Serie Tiere Afrikas mit verschiedenen Tierk\u00f6pfen und Szenen aus der Tierwelt Afrikas. Die Serie begeistert nicht nur Fans von wilden Tieren. Szenerie mit Elefanten auf Brett mit Ahorn und Kirschbaum. Das helle Ahorn symbolisiert den Himmel w\u00e4hrend das r\u00f6tliche Kirschholz wunderbar die Steppe Afrikas&hellip; <\/p>\n","protected":false},"featured_media":933,"template":"","meta":{"_uag_custom_page_level_css":""},"product_brand":[],"product_cat":[24],"product_tag":[],"class_list":{"0":"post-931","1":"product","2":"type-product","3":"status-publish","4":"has-post-thumbnail","6":"product_cat-aperobretter","8":"first","9":"outofstock","10":"shipping-taxable","11":"purchasable","12":"product-type-simple"},"uagb_featured_image_src":{"full":["https:\/\/filosofo.ch\/wp-content\/uploads\/2024\/05\/Szenerie_Top.png",726,343,false],"thumbnail":["https:\/\/filosofo.ch\/wp-content\/uploads\/2024\/05\/Szenerie_Top-150x150.png",150,150,true],"medium":["https:\/\/filosofo.ch\/wp-content\/uploads\/2024\/05\/Szenerie_Top-300x142.png",300,142,true],"medium_large":["https:\/\/filosofo.ch\/wp-content\/uploads\/2024\/05\/Szenerie_Top.png",726,343,false],"large":["https:\/\/filosofo.ch\/wp-content\/uploads\/2024\/05\/Szenerie_Top.png",726,343,false],"1536x1536":["https:\/\/filosofo.ch\/wp-content\/uploads\/2024\/05\/Szenerie_Top.png",726,343,false],"2048x2048":["https:\/\/filosofo.ch\/wp-content\/uploads\/2024\/05\/Szenerie_Top.png",726,343,false],"shoppingcart-product-cat-image":["https:\/\/filosofo.ch\/wp-content\/uploads\/2024\/05\/Szenerie_Top-512x343.png",512,343,true],"shoppingcart-featured-brand-image":["https:\/\/filosofo.ch\/wp-content\/uploads\/2024\/05\/Szenerie_Top-400x200.png",400,200,true],"shoppingcart-grid-product-image":["https:\/\/filosofo.ch\/wp-content\/uploads\/2024\/05\/Szenerie_Top-420x343.png",420,343,true],"shoppingcart-popular-post":["https:\/\/filosofo.ch\/wp-content\/uploads\/2024\/05\/Szenerie_Top-75x75.png",75,75,true],"woocommerce_thumbnail":["https:\/\/filosofo.ch\/wp-content\/uploads\/2024\/05\/Szenerie_Top-300x300.png",300,300,true],"woocommerce_single":["https:\/\/filosofo.ch\/wp-content\/uploads\/2024\/05\/Szenerie_Top-600x283.png",600,283,true],"woocommerce_gallery_thumbnail":["https:\/\/filosofo.ch\/wp-content\/uploads\/2024\/05\/Szenerie_Top-100x100.png",100,100,true]},"uagb_author_info":{"display_name":"admin","author_link":"https:\/\/filosofo.ch\/index.php\/author\/"},"uagb_comment_info":0,"uagb_excerpt":"Aus der Serie Tiere Afrikas. Unsere Serie Tiere Afrikas mit verschiedenen Tierk\u00f6pfen und Szenen aus der Tierwelt Afrikas. Die Serie begeistert nicht nur Fans von wilden Tieren. Szenerie mit Elefanten auf Brett mit Ahorn und Kirschbaum. Das helle Ahorn symbolisiert den Himmel w\u00e4hrend das r\u00f6tliche Kirschholz wunderbar die Steppe Afrikas&hellip;","jetpack_sharing_enabled":true,"_links":{"self":[{"href":"https:\/\/filosofo.ch\/index.php\/wp-json\/wp\/v2\/product\/931","targetHints":{"allow":["GET"]}}],"collection":[{"href":"https:\/\/filosofo.ch\/index.php\/wp-json\/wp\/v2\/product"}],"about":[{"href":"https:\/\/filosofo.ch\/index.php\/wp-json\/wp\/v2\/types\/product"}],"wp:featuredmedia":[{"embeddable":true,"href":"https:\/\/filosofo.ch\/index.php\/wp-json\/wp\/v2\/media\/933"}],"wp:attachment":[{"href":"https:\/\/filosofo.ch\/index.php\/wp-json\/wp\/v2\/media?parent=931"}],"wp:term":[{"taxonomy":"product_brand","embeddable":true,"href":"https:\/\/filosofo.ch\/index.php\/wp-json\/wp\/v2\/product_brand?post=931"},{"taxonomy":"product_cat","embeddable":true,"href":"https:\/\/filosofo.ch\/index.php\/wp-json\/wp\/v2\/product_cat?post=931"},{"taxonomy":"product_tag","embeddable":true,"href":"https:\/\/filosofo.ch\/index.php\/wp-json\/wp\/v2\/product_tag?post=931"}],"curies":[{"name":"wp","href":"https:\/\/api.w.org\/{rel}","templated":true}]}}