{"id":988,"date":"2024-09-28T11:13:52","date_gmt":"2024-09-28T11:13:52","guid":{"rendered":"https:\/\/filosofo.ch\/?post_type=product&#038;p=988"},"modified":"2025-06-19T16:14:42","modified_gmt":"2025-06-19T16:14:42","slug":"mendoza","status":"publish","type":"product","link":"https:\/\/filosofo.ch\/index.php\/produkt\/mendoza\/","title":{"rendered":"Mendoza"},"content":{"rendered":"<p>Schneidebrett schachbrettartig aus Nussbaum, Kirsche und Ahorn. Jedes Brett ist ein Unikat, hergestellt in der Schweiz mit Schweizerholz. Das Brett besitzt rutschfeste Silikonf\u00fcsse f\u00fcr einen sicheren Halt in der K\u00fcche.<\/p>\n<p>Dimensionen ca: 32.5 x 27 x 3.9cm<\/p>\n","protected":false},"excerpt":{"rendered":"<p>Schneidebrett schachbrettartig aus Nussbaum, Kirsche und Ahorn. Jedes Brett ist ein Unikat, hergestellt in der Schweiz mit Schweizerholz. Das Brett besitzt rutschfeste Silikonf\u00fcsse f\u00fcr einen sicheren Halt in der K\u00fcche. Dimensionen ca: 32.5 x 27 x 3.9cm<\/p>\n","protected":false},"featured_media":991,"template":"","meta":{"_uag_custom_page_level_css":""},"product_brand":[],"product_cat":[25],"product_tag":[],"class_list":{"0":"post-988","1":"product","2":"type-product","3":"status-publish","4":"has-post-thumbnail","6":"product_cat-schneidebretter","8":"first","9":"outofstock","10":"shipping-taxable","11":"purchasable","12":"product-type-simple"},"uagb_featured_image_src":{"full":["https:\/\/filosofo.ch\/wp-content\/uploads\/2024\/09\/Schachbrettartig-Schraeg.png",726,343,false],"thumbnail":["https:\/\/filosofo.ch\/wp-content\/uploads\/2024\/09\/Schachbrettartig-Schraeg-150x150.png",150,150,true],"medium":["https:\/\/filosofo.ch\/wp-content\/uploads\/2024\/09\/Schachbrettartig-Schraeg-300x142.png",300,142,true],"medium_large":["https:\/\/filosofo.ch\/wp-content\/uploads\/2024\/09\/Schachbrettartig-Schraeg.png",726,343,false],"large":["https:\/\/filosofo.ch\/wp-content\/uploads\/2024\/09\/Schachbrettartig-Schraeg.png",726,343,false],"1536x1536":["https:\/\/filosofo.ch\/wp-content\/uploads\/2024\/09\/Schachbrettartig-Schraeg.png",726,343,false],"2048x2048":["https:\/\/filosofo.ch\/wp-content\/uploads\/2024\/09\/Schachbrettartig-Schraeg.png",726,343,false],"shoppingcart-product-cat-image":["https:\/\/filosofo.ch\/wp-content\/uploads\/2024\/09\/Schachbrettartig-Schraeg-512x343.png",512,343,true],"shoppingcart-featured-brand-image":["https:\/\/filosofo.ch\/wp-content\/uploads\/2024\/09\/Schachbrettartig-Schraeg-400x200.png",400,200,true],"shoppingcart-grid-product-image":["https:\/\/filosofo.ch\/wp-content\/uploads\/2024\/09\/Schachbrettartig-Schraeg-420x343.png",420,343,true],"shoppingcart-popular-post":["https:\/\/filosofo.ch\/wp-content\/uploads\/2024\/09\/Schachbrettartig-Schraeg-75x75.png",75,75,true],"woocommerce_thumbnail":["https:\/\/filosofo.ch\/wp-content\/uploads\/2024\/09\/Schachbrettartig-Schraeg-300x300.png",300,300,true],"woocommerce_single":["https:\/\/filosofo.ch\/wp-content\/uploads\/2024\/09\/Schachbrettartig-Schraeg-600x283.png",600,283,true],"woocommerce_gallery_thumbnail":["https:\/\/filosofo.ch\/wp-content\/uploads\/2024\/09\/Schachbrettartig-Schraeg-100x100.png",100,100,true]},"uagb_author_info":{"display_name":"admin","author_link":"https:\/\/filosofo.ch\/index.php\/author\/"},"uagb_comment_info":0,"uagb_excerpt":"Schneidebrett schachbrettartig aus Nussbaum, Kirsche und Ahorn. Jedes Brett ist ein Unikat, hergestellt in der Schweiz mit Schweizerholz. Das Brett besitzt rutschfeste Silikonf\u00fcsse f\u00fcr einen sicheren Halt in der K\u00fcche. Dimensionen ca: 32.5 x 27 x 3.9cm","jetpack_sharing_enabled":true,"_links":{"self":[{"href":"https:\/\/filosofo.ch\/index.php\/wp-json\/wp\/v2\/product\/988","targetHints":{"allow":["GET"]}}],"collection":[{"href":"https:\/\/filosofo.ch\/index.php\/wp-json\/wp\/v2\/product"}],"about":[{"href":"https:\/\/filosofo.ch\/index.php\/wp-json\/wp\/v2\/types\/product"}],"wp:featuredmedia":[{"embeddable":true,"href":"https:\/\/filosofo.ch\/index.php\/wp-json\/wp\/v2\/media\/991"}],"wp:attachment":[{"href":"https:\/\/filosofo.ch\/index.php\/wp-json\/wp\/v2\/media?parent=988"}],"wp:term":[{"taxonomy":"product_brand","embeddable":true,"href":"https:\/\/filosofo.ch\/index.php\/wp-json\/wp\/v2\/product_brand?post=988"},{"taxonomy":"product_cat","embeddable":true,"href":"https:\/\/filosofo.ch\/index.php\/wp-json\/wp\/v2\/product_cat?post=988"},{"taxonomy":"product_tag","embeddable":true,"href":"https:\/\/filosofo.ch\/index.php\/wp-json\/wp\/v2\/product_tag?post=988"}],"curies":[{"name":"wp","href":"https:\/\/api.w.org\/{rel}","templated":true}]}}